{"id":9986,"date":"2023-08-21T17:03:12","date_gmt":"2023-08-21T21:03:12","guid":{"rendered":"https:\/\/www.boutiqueaulit.ca\/?post_type=product&#038;p=9986"},"modified":"2023-09-08T11:22:57","modified_gmt":"2023-09-08T15:22:57","slug":"lit-lucas","status":"publish","type":"product","link":"https:\/\/www.boutiqueaulit.ca\/en\/product\/lit-lucas\/","title":{"rendered":"Lit Lucas"},"content":{"rendered":"","protected":false},"excerpt":{"rendered":"<p>Lucas est un mod\u00e8le \u00e0 la fois simple et raffin\u00e9. Orn\u00e9e de trois jolis passepoils, cette t\u00eate de lit s\u2019harmonise joyeusement avec votre d\u00e9cor, tout en gardant une touche d\u2019originalit\u00e9.<\/p>\n<p>* Compatible avec les lits ajustables<br \/>\n* T\u00eate compatible avec notre plateforme Reflexx 10\u2033 et 13\u2033<br \/>\n* T\u00eate de lit seule aussi disponible<br \/>\n* Mod\u00e8le offert avec un pied Woodland seulement<br \/>\n* Choix de plateforme de particules ou support pour sommier (sommier non inclus)<br \/>\n* Les pattes en bois sont de couleur noire<\/p>\n<p><img decoding=\"async\" loading=\"lazy\" class=\"size-medium wp-image-9891\" style=\"font-size: 16px;\" src=\"https:\/\/www.boutiqueaulit.ca\/wp-content\/uploads\/2023\/08\/joshua-charcoal-300x300.jpg\" alt=\"\" width=\"50\" height=\"50\" srcset=\"https:\/\/www.boutiqueaulit.ca\/wp-content\/uploads\/2023\/08\/joshua-charcoal-300x300.jpg 300w, https:\/\/www.boutiqueaulit.ca\/wp-content\/uploads\/2023\/08\/joshua-charcoal-150x150.jpg 150w, https:\/\/www.boutiqueaulit.ca\/wp-content\/uploads\/2023\/08\/joshua-charcoal-100x100.jpg 100w, https:\/\/www.boutiqueaulit.ca\/wp-content\/uploads\/2023\/08\/joshua-charcoal.jpg 470w\" sizes=\"(max-width: 50px) 100vw, 50px\" \/> <img decoding=\"async\" loading=\"lazy\" class=\"size-medium wp-image-9894\" style=\"font-size: 16px;\" src=\"https:\/\/www.boutiqueaulit.ca\/wp-content\/uploads\/2023\/08\/joshua-dune-1-300x300.jpg\" alt=\"\" width=\"50\" height=\"50\" srcset=\"https:\/\/www.boutiqueaulit.ca\/wp-content\/uploads\/2023\/08\/joshua-dune-1-300x300.jpg 300w, https:\/\/www.boutiqueaulit.ca\/wp-content\/uploads\/2023\/08\/joshua-dune-1-150x150.jpg 150w, https:\/\/www.boutiqueaulit.ca\/wp-content\/uploads\/2023\/08\/joshua-dune-1-100x100.jpg 100w, https:\/\/www.boutiqueaulit.ca\/wp-content\/uploads\/2023\/08\/joshua-dune-1.jpg 470w\" sizes=\"(max-width: 50px) 100vw, 50px\" \/>  <img decoding=\"async\" loading=\"lazy\" class=\"size-medium wp-image-9898\" src=\"https:\/\/www.boutiqueaulit.ca\/wp-content\/uploads\/2023\/08\/redred-wine-061-2-300x300.jpg\" alt=\"\" width=\"50\" height=\"100\" \/> <img decoding=\"async\" loading=\"lazy\" class=\"size-medium wp-image-9902\" src=\"https:\/\/www.boutiqueaulit.ca\/wp-content\/uploads\/2023\/08\/stallion-grey-300x300.jpg\" alt=\"\" width=\"50\" height=\"50\" srcset=\"https:\/\/www.boutiqueaulit.ca\/wp-content\/uploads\/2023\/08\/stallion-grey-300x300.jpg 300w, https:\/\/www.boutiqueaulit.ca\/wp-content\/uploads\/2023\/08\/stallion-grey-150x150.jpg 150w, https:\/\/www.boutiqueaulit.ca\/wp-content\/uploads\/2023\/08\/stallion-grey-100x100.jpg 100w, https:\/\/www.boutiqueaulit.ca\/wp-content\/uploads\/2023\/08\/stallion-grey.jpg 470w\" sizes=\"(max-width: 50px) 100vw, 50px\" \/>\u00a0<img decoding=\"async\" loading=\"lazy\" class=\"size-medium wp-image-9904\" style=\"font-size: 16px;\" src=\"https:\/\/www.boutiqueaulit.ca\/wp-content\/uploads\/2023\/08\/turbo-040-2-300x300.jpg\" alt=\"\" width=\"50\" height=\"50\" srcset=\"https:\/\/www.boutiqueaulit.ca\/wp-content\/uploads\/2023\/08\/turbo-040-2-300x300.jpg 300w, https:\/\/www.boutiqueaulit.ca\/wp-content\/uploads\/2023\/08\/turbo-040-2-150x150.jpg 150w, https:\/\/www.boutiqueaulit.ca\/wp-content\/uploads\/2023\/08\/turbo-040-2-100x100.jpg 100w, https:\/\/www.boutiqueaulit.ca\/wp-content\/uploads\/2023\/08\/turbo-040-2.jpg 470w\" sizes=\"(max-width: 50px) 100vw, 50px\" \/> <img decoding=\"async\" loading=\"lazy\" class=\"alignnone size-medium wp-image-9906\" style=\"font-size: 16px;\" src=\"https:\/\/www.boutiqueaulit.ca\/wp-content\/uploads\/2023\/08\/yates-84-1-1-300x300.jpg\" alt=\"\" width=\"50\" height=\"50\" srcset=\"https:\/\/www.boutiqueaulit.ca\/wp-content\/uploads\/2023\/08\/yates-84-1-1-300x300.jpg 300w, https:\/\/www.boutiqueaulit.ca\/wp-content\/uploads\/2023\/08\/yates-84-1-1-150x150.jpg 150w, https:\/\/www.boutiqueaulit.ca\/wp-content\/uploads\/2023\/08\/yates-84-1-1-100x100.jpg 100w, https:\/\/www.boutiqueaulit.ca\/wp-content\/uploads\/2023\/08\/yates-84-1-1.jpg 470w\" sizes=\"(max-width: 50px) 100vw, 50px\" \/> <img decoding=\"async\" loading=\"lazy\" class=\"alignnone size-medium wp-image-9908\" src=\"https:\/\/www.boutiqueaulit.ca\/wp-content\/uploads\/2023\/08\/yates-205-1-300x300.jpg\" alt=\"\" width=\"50\" height=\"50\" srcset=\"https:\/\/www.boutiqueaulit.ca\/wp-content\/uploads\/2023\/08\/yates-205-1-300x300.jpg 300w, https:\/\/www.boutiqueaulit.ca\/wp-content\/uploads\/2023\/08\/yates-205-1-150x150.jpg 150w, https:\/\/www.boutiqueaulit.ca\/wp-content\/uploads\/2023\/08\/yates-205-1-100x100.jpg 100w, https:\/\/www.boutiqueaulit.ca\/wp-content\/uploads\/2023\/08\/yates-205-1.jpg 470w\" sizes=\"(max-width: 50px) 100vw, 50px\" \/><\/p>\n","protected":false},"featured_media":9991,"template":"","meta":{"_monsterinsights_skip_tracking":false,"_monsterinsights_sitenote_active":false,"_monsterinsights_sitenote_note":"","_monsterinsights_sitenote_category":0},"product_cat":[388,358],"product_tag":[],"acf":[],"yoast_head":"<!-- This site is optimized with the Yoast SEO plugin v21.8 - https:\/\/yoast.com\/wordpress\/plugins\/seo\/ -->\n<title>Lit Lucas - auLit<\/title>\n<meta name=\"description\" content=\"Chez boutique auLit, nous vous proposons une gamme de lits adapt\u00e9s \u00e0 tous les besoins et \u00e0 tous les budgets fabriqu\u00e9 au Qu\u00e9bec.\" \/>\n<meta name=\"robots\" content=\"index, follow, max-snippet:-1, max-image-preview:large, max-video-preview:-1\" \/>\n<link rel=\"canonical\" href=\"https:\/\/www.boutiqueaulit.ca\/product\/lit-lucas\/\" \/>\n<meta property=\"og:locale\" content=\"en_US\" \/>\n<meta property=\"og:type\" content=\"article\" \/>\n<meta property=\"og:title\" content=\"Lit Lucas - auLit\" \/>\n<meta property=\"og:description\" content=\"Chez boutique auLit, nous vous proposons une gamme de lits adapt\u00e9s \u00e0 tous les besoins et \u00e0 tous les budgets fabriqu\u00e9 au Qu\u00e9bec.\" \/>\n<meta property=\"og:url\" content=\"https:\/\/www.boutiqueaulit.ca\/product\/lit-lucas\/\" \/>\n<meta property=\"og:site_name\" content=\"auLit\" \/>\n<meta property=\"article:publisher\" content=\"https:\/\/www.facebook.com\/BoutiqueauLit\/\" \/>\n<meta property=\"article:modified_time\" content=\"2023-09-08T15:22:57+00:00\" \/>\n<meta property=\"og:image\" content=\"https:\/\/www.boutiqueaulit.ca\/wp-content\/uploads\/2023\/08\/lucas-motion59-desc-1.jpg\" \/>\n\t<meta property=\"og:image:width\" content=\"1920\" \/>\n\t<meta property=\"og:image:height\" content=\"1280\" \/>\n\t<meta property=\"og:image:type\" content=\"image\/jpeg\" \/>\n<meta name=\"twitter:card\" content=\"summary_large_image\" \/>\n<script type=\"application\/ld+json\" class=\"yoast-schema-graph\">{\"@context\":\"https:\/\/schema.org\",\"@graph\":[{\"@type\":\"WebPage\",\"@id\":\"https:\/\/www.boutiqueaulit.ca\/product\/lit-lucas\/\",\"url\":\"https:\/\/www.boutiqueaulit.ca\/product\/lit-lucas\/\",\"name\":\"Lit Lucas - auLit\",\"isPartOf\":{\"@id\":\"https:\/\/www.boutiqueaulit.ca\/#website\"},\"datePublished\":\"2023-08-21T21:03:12+00:00\",\"dateModified\":\"2023-09-08T15:22:57+00:00\",\"description\":\"Chez boutique auLit, nous vous proposons une gamme de lits adapt\u00e9s \u00e0 tous les besoins et \u00e0 tous les budgets fabriqu\u00e9 au Qu\u00e9bec.\",\"breadcrumb\":{\"@id\":\"https:\/\/www.boutiqueaulit.ca\/product\/lit-lucas\/#breadcrumb\"},\"inLanguage\":\"en-CA\",\"potentialAction\":[{\"@type\":\"ReadAction\",\"target\":[\"https:\/\/www.boutiqueaulit.ca\/product\/lit-lucas\/\"]}]},{\"@type\":\"BreadcrumbList\",\"@id\":\"https:\/\/www.boutiqueaulit.ca\/product\/lit-lucas\/#breadcrumb\",\"itemListElement\":[{\"@type\":\"ListItem\",\"position\":1,\"name\":\"Accueil\",\"item\":\"https:\/\/www.boutiqueaulit.ca\/en\/\"},{\"@type\":\"ListItem\",\"position\":2,\"name\":\"Shop\",\"item\":\"https:\/\/www.boutiqueaulit.ca\/en\/shop\/\"},{\"@type\":\"ListItem\",\"position\":3,\"name\":\"Meubles\",\"item\":\"https:\/\/www.boutiqueaulit.ca\/product_cat\/meubles\/\"},{\"@type\":\"ListItem\",\"position\":4,\"name\":\"Lits rembourr\u00e9s\",\"item\":\"https:\/\/www.boutiqueaulit.ca\/product_cat\/meubles\/lits-rembourres\/\"},{\"@type\":\"ListItem\",\"position\":5,\"name\":\"Lit Lucas\"}]},{\"@type\":\"WebSite\",\"@id\":\"https:\/\/www.boutiqueaulit.ca\/#website\",\"url\":\"https:\/\/www.boutiqueaulit.ca\/\",\"name\":\"auLit\",\"description\":\"La journ\u00e9e vous appartient.\",\"publisher\":{\"@id\":\"https:\/\/www.boutiqueaulit.ca\/#organization\"},\"potentialAction\":[{\"@type\":\"SearchAction\",\"target\":{\"@type\":\"EntryPoint\",\"urlTemplate\":\"https:\/\/www.boutiqueaulit.ca\/?s={search_term_string}\"},\"query-input\":\"required name=search_term_string\"}],\"inLanguage\":\"en-CA\"},{\"@type\":\"Organization\",\"@id\":\"https:\/\/www.boutiqueaulit.ca\/#organization\",\"name\":\"Boutique auLit\",\"url\":\"https:\/\/www.boutiqueaulit.ca\/\",\"logo\":{\"@type\":\"ImageObject\",\"inLanguage\":\"en-CA\",\"@id\":\"https:\/\/www.boutiqueaulit.ca\/#\/schema\/logo\/image\/\",\"url\":\"https:\/\/www.boutiqueaulit.ca\/wp-content\/uploads\/2019\/03\/AuLit-logo.png\",\"contentUrl\":\"https:\/\/www.boutiqueaulit.ca\/wp-content\/uploads\/2019\/03\/AuLit-logo.png\",\"width\":400,\"height\":400,\"caption\":\"Boutique auLit\"},\"image\":{\"@id\":\"https:\/\/www.boutiqueaulit.ca\/#\/schema\/logo\/image\/\"},\"sameAs\":[\"https:\/\/www.facebook.com\/BoutiqueauLit\/\",\"https:\/\/www.youtube.com\/channel\/UCVwMwsNL9lzGhIAUGlH5ZxQ\"]}]}<\/script>\n<!-- \/ Yoast SEO plugin. -->","yoast_head_json":{"title":"Lit Lucas - auLit","description":"Chez boutique auLit, nous vous proposons une gamme de lits adapt\u00e9s \u00e0 tous les besoins et \u00e0 tous les budgets fabriqu\u00e9 au Qu\u00e9bec.","robots":{"index":"index","follow":"follow","max-snippet":"max-snippet:-1","max-image-preview":"max-image-preview:large","max-video-preview":"max-video-preview:-1"},"canonical":"https:\/\/www.boutiqueaulit.ca\/product\/lit-lucas\/","og_locale":"en_US","og_type":"article","og_title":"Lit Lucas - auLit","og_description":"Chez boutique auLit, nous vous proposons une gamme de lits adapt\u00e9s \u00e0 tous les besoins et \u00e0 tous les budgets fabriqu\u00e9 au Qu\u00e9bec.","og_url":"https:\/\/www.boutiqueaulit.ca\/product\/lit-lucas\/","og_site_name":"auLit","article_publisher":"https:\/\/www.facebook.com\/BoutiqueauLit\/","article_modified_time":"2023-09-08T15:22:57+00:00","og_image":[{"width":1920,"height":1280,"url":"https:\/\/www.boutiqueaulit.ca\/wp-content\/uploads\/2023\/08\/lucas-motion59-desc-1.jpg","type":"image\/jpeg"}],"twitter_card":"summary_large_image","schema":{"@context":"https:\/\/schema.org","@graph":[{"@type":"WebPage","@id":"https:\/\/www.boutiqueaulit.ca\/product\/lit-lucas\/","url":"https:\/\/www.boutiqueaulit.ca\/product\/lit-lucas\/","name":"Lit Lucas - auLit","isPartOf":{"@id":"https:\/\/www.boutiqueaulit.ca\/#website"},"datePublished":"2023-08-21T21:03:12+00:00","dateModified":"2023-09-08T15:22:57+00:00","description":"Chez boutique auLit, nous vous proposons une gamme de lits adapt\u00e9s \u00e0 tous les besoins et \u00e0 tous les budgets fabriqu\u00e9 au Qu\u00e9bec.","breadcrumb":{"@id":"https:\/\/www.boutiqueaulit.ca\/product\/lit-lucas\/#breadcrumb"},"inLanguage":"en-CA","potentialAction":[{"@type":"ReadAction","target":["https:\/\/www.boutiqueaulit.ca\/product\/lit-lucas\/"]}]},{"@type":"BreadcrumbList","@id":"https:\/\/www.boutiqueaulit.ca\/product\/lit-lucas\/#breadcrumb","itemListElement":[{"@type":"ListItem","position":1,"name":"Accueil","item":"https:\/\/www.boutiqueaulit.ca\/en\/"},{"@type":"ListItem","position":2,"name":"Shop","item":"https:\/\/www.boutiqueaulit.ca\/en\/shop\/"},{"@type":"ListItem","position":3,"name":"Meubles","item":"https:\/\/www.boutiqueaulit.ca\/product_cat\/meubles\/"},{"@type":"ListItem","position":4,"name":"Lits rembourr\u00e9s","item":"https:\/\/www.boutiqueaulit.ca\/product_cat\/meubles\/lits-rembourres\/"},{"@type":"ListItem","position":5,"name":"Lit Lucas"}]},{"@type":"WebSite","@id":"https:\/\/www.boutiqueaulit.ca\/#website","url":"https:\/\/www.boutiqueaulit.ca\/","name":"auLit","description":"La journ\u00e9e vous appartient.","publisher":{"@id":"https:\/\/www.boutiqueaulit.ca\/#organization"},"potentialAction":[{"@type":"SearchAction","target":{"@type":"EntryPoint","urlTemplate":"https:\/\/www.boutiqueaulit.ca\/?s={search_term_string}"},"query-input":"required name=search_term_string"}],"inLanguage":"en-CA"},{"@type":"Organization","@id":"https:\/\/www.boutiqueaulit.ca\/#organization","name":"Boutique auLit","url":"https:\/\/www.boutiqueaulit.ca\/","logo":{"@type":"ImageObject","inLanguage":"en-CA","@id":"https:\/\/www.boutiqueaulit.ca\/#\/schema\/logo\/image\/","url":"https:\/\/www.boutiqueaulit.ca\/wp-content\/uploads\/2019\/03\/AuLit-logo.png","contentUrl":"https:\/\/www.boutiqueaulit.ca\/wp-content\/uploads\/2019\/03\/AuLit-logo.png","width":400,"height":400,"caption":"Boutique auLit"},"image":{"@id":"https:\/\/www.boutiqueaulit.ca\/#\/schema\/logo\/image\/"},"sameAs":["https:\/\/www.facebook.com\/BoutiqueauLit\/","https:\/\/www.youtube.com\/channel\/UCVwMwsNL9lzGhIAUGlH5ZxQ"]}]}},"_links":{"self":[{"href":"https:\/\/www.boutiqueaulit.ca\/en\/wp-json\/wp\/v2\/product\/9986"}],"collection":[{"href":"https:\/\/www.boutiqueaulit.ca\/en\/wp-json\/wp\/v2\/product"}],"about":[{"href":"https:\/\/www.boutiqueaulit.ca\/en\/wp-json\/wp\/v2\/types\/product"}],"wp:featuredmedia":[{"embeddable":true,"href":"https:\/\/www.boutiqueaulit.ca\/en\/wp-json\/wp\/v2\/media\/9991"}],"wp:attachment":[{"href":"https:\/\/www.boutiqueaulit.ca\/en\/wp-json\/wp\/v2\/media?parent=9986"}],"wp:term":[{"taxonomy":"product_cat","embeddable":true,"href":"https:\/\/www.boutiqueaulit.ca\/en\/wp-json\/wp\/v2\/product_cat?post=9986"},{"taxonomy":"product_tag","embeddable":true,"href":"https:\/\/www.boutiqueaulit.ca\/en\/wp-json\/wp\/v2\/product_tag?post=9986"}],"curies":[{"name":"wp","href":"https:\/\/api.w.org\/{rel}","templated":true}]}}