{"id":6882,"date":"2021-04-15T16:17:58","date_gmt":"2021-04-15T20:17:58","guid":{"rendered":"https:\/\/www.boutiqueaulit.ca\/?post_type=product&#038;p=6882"},"modified":"2023-07-13T11:26:26","modified_gmt":"2023-07-13T15:26:26","slug":"saule","status":"publish","type":"product","link":"https:\/\/www.boutiqueaulit.ca\/en\/product\/saule\/","title":{"rendered":"Saule"},"content":{"rendered":"","protected":false},"excerpt":{"rendered":"<p class=\"p1\">La fabrication de ce matelas permet \u00e0 l\u2019utilisateur d\u2019obtenir un soutien orthop\u00e9dique permettant aux enfants, aux adolescents et aux personnes poss\u00e9dant des chalets, des VR, de dormir sur un matelas tout \u00e0 fait confortable.<\/p>\n","protected":false},"featured_media":6877,"template":"","meta":{"_monsterinsights_skip_tracking":false,"_monsterinsights_sitenote_active":false,"_monsterinsights_sitenote_note":"","_monsterinsights_sitenote_category":0},"product_cat":[26,348],"product_tag":[],"acf":[],"yoast_head":"<!-- This site is optimized with the Yoast SEO plugin v21.8 - https:\/\/yoast.com\/wordpress\/plugins\/seo\/ -->\n<title>Saule - auLit<\/title>\n<meta name=\"description\" content=\"Le matelas Saule vous offre un support \u00e0 partir d\u2019une combinaison de mousse et ce, pour toutes les parties du corps.\" \/>\n<meta name=\"robots\" content=\"index, follow, max-snippet:-1, max-image-preview:large, max-video-preview:-1\" \/>\n<link rel=\"canonical\" href=\"https:\/\/www.boutiqueaulit.ca\/produit\/saule\/\" \/>\n<meta property=\"og:locale\" content=\"en_US\" \/>\n<meta property=\"og:type\" content=\"article\" \/>\n<meta property=\"og:title\" content=\"Saule - auLit\" \/>\n<meta property=\"og:description\" content=\"Le matelas Saule vous offre un support \u00e0 partir d\u2019une combinaison de mousse et ce, pour toutes les parties du corps.\" \/>\n<meta property=\"og:url\" content=\"https:\/\/www.boutiqueaulit.ca\/produit\/saule\/\" \/>\n<meta property=\"og:site_name\" content=\"auLit\" \/>\n<meta property=\"article:publisher\" content=\"https:\/\/www.facebook.com\/BoutiqueauLit\/\" \/>\n<meta property=\"article:modified_time\" content=\"2023-07-13T15:26:26+00:00\" \/>\n<meta property=\"og:image\" content=\"https:\/\/www.boutiqueaulit.ca\/wp-content\/uploads\/2021\/04\/saule-siteinternet-bon.jpg\" \/>\n\t<meta property=\"og:image:width\" content=\"1200\" \/>\n\t<meta property=\"og:image:height\" content=\"800\" \/>\n\t<meta property=\"og:image:type\" content=\"image\/jpeg\" \/>\n<meta name=\"twitter:card\" content=\"summary_large_image\" \/>\n<script type=\"application\/ld+json\" class=\"yoast-schema-graph\">{\"@context\":\"https:\/\/schema.org\",\"@graph\":[{\"@type\":\"WebPage\",\"@id\":\"https:\/\/www.boutiqueaulit.ca\/produit\/saule\/\",\"url\":\"https:\/\/www.boutiqueaulit.ca\/produit\/saule\/\",\"name\":\"Saule - auLit\",\"isPartOf\":{\"@id\":\"https:\/\/www.boutiqueaulit.ca\/#website\"},\"datePublished\":\"2021-04-15T20:17:58+00:00\",\"dateModified\":\"2023-07-13T15:26:26+00:00\",\"description\":\"Le matelas Saule vous offre un support \u00e0 partir d\u2019une combinaison de mousse et ce, pour toutes les parties du corps.\",\"breadcrumb\":{\"@id\":\"https:\/\/www.boutiqueaulit.ca\/produit\/saule\/#breadcrumb\"},\"inLanguage\":\"en-CA\",\"potentialAction\":[{\"@type\":\"ReadAction\",\"target\":[\"https:\/\/www.boutiqueaulit.ca\/produit\/saule\/\"]}]},{\"@type\":\"BreadcrumbList\",\"@id\":\"https:\/\/www.boutiqueaulit.ca\/produit\/saule\/#breadcrumb\",\"itemListElement\":[{\"@type\":\"ListItem\",\"position\":1,\"name\":\"Accueil\",\"item\":\"https:\/\/www.boutiqueaulit.ca\/en\/\"},{\"@type\":\"ListItem\",\"position\":2,\"name\":\"Shop\",\"item\":\"https:\/\/www.boutiqueaulit.ca\/en\/shop\/\"},{\"@type\":\"ListItem\",\"position\":3,\"name\":\"Matelas\",\"item\":\"https:\/\/www.boutiqueaulit.ca\/product_cat\/matelas\/\"},{\"@type\":\"ListItem\",\"position\":4,\"name\":\"Saule\"}]},{\"@type\":\"WebSite\",\"@id\":\"https:\/\/www.boutiqueaulit.ca\/#website\",\"url\":\"https:\/\/www.boutiqueaulit.ca\/\",\"name\":\"auLit\",\"description\":\"La journ\u00e9e vous appartient.\",\"publisher\":{\"@id\":\"https:\/\/www.boutiqueaulit.ca\/#organization\"},\"potentialAction\":[{\"@type\":\"SearchAction\",\"target\":{\"@type\":\"EntryPoint\",\"urlTemplate\":\"https:\/\/www.boutiqueaulit.ca\/?s={search_term_string}\"},\"query-input\":\"required name=search_term_string\"}],\"inLanguage\":\"en-CA\"},{\"@type\":\"Organization\",\"@id\":\"https:\/\/www.boutiqueaulit.ca\/#organization\",\"name\":\"Boutique auLit\",\"url\":\"https:\/\/www.boutiqueaulit.ca\/\",\"logo\":{\"@type\":\"ImageObject\",\"inLanguage\":\"en-CA\",\"@id\":\"https:\/\/www.boutiqueaulit.ca\/#\/schema\/logo\/image\/\",\"url\":\"https:\/\/www.boutiqueaulit.ca\/wp-content\/uploads\/2019\/03\/AuLit-logo.png\",\"contentUrl\":\"https:\/\/www.boutiqueaulit.ca\/wp-content\/uploads\/2019\/03\/AuLit-logo.png\",\"width\":400,\"height\":400,\"caption\":\"Boutique auLit\"},\"image\":{\"@id\":\"https:\/\/www.boutiqueaulit.ca\/#\/schema\/logo\/image\/\"},\"sameAs\":[\"https:\/\/www.facebook.com\/BoutiqueauLit\/\",\"https:\/\/www.youtube.com\/channel\/UCVwMwsNL9lzGhIAUGlH5ZxQ\"]}]}<\/script>\n<!-- \/ Yoast SEO plugin. -->","yoast_head_json":{"title":"Saule - auLit","description":"Le matelas Saule vous offre un support \u00e0 partir d\u2019une combinaison de mousse et ce, pour toutes les parties du corps.","robots":{"index":"index","follow":"follow","max-snippet":"max-snippet:-1","max-image-preview":"max-image-preview:large","max-video-preview":"max-video-preview:-1"},"canonical":"https:\/\/www.boutiqueaulit.ca\/produit\/saule\/","og_locale":"en_US","og_type":"article","og_title":"Saule - auLit","og_description":"Le matelas Saule vous offre un support \u00e0 partir d\u2019une combinaison de mousse et ce, pour toutes les parties du corps.","og_url":"https:\/\/www.boutiqueaulit.ca\/produit\/saule\/","og_site_name":"auLit","article_publisher":"https:\/\/www.facebook.com\/BoutiqueauLit\/","article_modified_time":"2023-07-13T15:26:26+00:00","og_image":[{"width":1200,"height":800,"url":"https:\/\/www.boutiqueaulit.ca\/wp-content\/uploads\/2021\/04\/saule-siteinternet-bon.jpg","type":"image\/jpeg"}],"twitter_card":"summary_large_image","schema":{"@context":"https:\/\/schema.org","@graph":[{"@type":"WebPage","@id":"https:\/\/www.boutiqueaulit.ca\/produit\/saule\/","url":"https:\/\/www.boutiqueaulit.ca\/produit\/saule\/","name":"Saule - auLit","isPartOf":{"@id":"https:\/\/www.boutiqueaulit.ca\/#website"},"datePublished":"2021-04-15T20:17:58+00:00","dateModified":"2023-07-13T15:26:26+00:00","description":"Le matelas Saule vous offre un support \u00e0 partir d\u2019une combinaison de mousse et ce, pour toutes les parties du corps.","breadcrumb":{"@id":"https:\/\/www.boutiqueaulit.ca\/produit\/saule\/#breadcrumb"},"inLanguage":"en-CA","potentialAction":[{"@type":"ReadAction","target":["https:\/\/www.boutiqueaulit.ca\/produit\/saule\/"]}]},{"@type":"BreadcrumbList","@id":"https:\/\/www.boutiqueaulit.ca\/produit\/saule\/#breadcrumb","itemListElement":[{"@type":"ListItem","position":1,"name":"Accueil","item":"https:\/\/www.boutiqueaulit.ca\/en\/"},{"@type":"ListItem","position":2,"name":"Shop","item":"https:\/\/www.boutiqueaulit.ca\/en\/shop\/"},{"@type":"ListItem","position":3,"name":"Matelas","item":"https:\/\/www.boutiqueaulit.ca\/product_cat\/matelas\/"},{"@type":"ListItem","position":4,"name":"Saule"}]},{"@type":"WebSite","@id":"https:\/\/www.boutiqueaulit.ca\/#website","url":"https:\/\/www.boutiqueaulit.ca\/","name":"auLit","description":"La journ\u00e9e vous appartient.","publisher":{"@id":"https:\/\/www.boutiqueaulit.ca\/#organization"},"potentialAction":[{"@type":"SearchAction","target":{"@type":"EntryPoint","urlTemplate":"https:\/\/www.boutiqueaulit.ca\/?s={search_term_string}"},"query-input":"required name=search_term_string"}],"inLanguage":"en-CA"},{"@type":"Organization","@id":"https:\/\/www.boutiqueaulit.ca\/#organization","name":"Boutique auLit","url":"https:\/\/www.boutiqueaulit.ca\/","logo":{"@type":"ImageObject","inLanguage":"en-CA","@id":"https:\/\/www.boutiqueaulit.ca\/#\/schema\/logo\/image\/","url":"https:\/\/www.boutiqueaulit.ca\/wp-content\/uploads\/2019\/03\/AuLit-logo.png","contentUrl":"https:\/\/www.boutiqueaulit.ca\/wp-content\/uploads\/2019\/03\/AuLit-logo.png","width":400,"height":400,"caption":"Boutique auLit"},"image":{"@id":"https:\/\/www.boutiqueaulit.ca\/#\/schema\/logo\/image\/"},"sameAs":["https:\/\/www.facebook.com\/BoutiqueauLit\/","https:\/\/www.youtube.com\/channel\/UCVwMwsNL9lzGhIAUGlH5ZxQ"]}]}},"_links":{"self":[{"href":"https:\/\/www.boutiqueaulit.ca\/en\/wp-json\/wp\/v2\/product\/6882"}],"collection":[{"href":"https:\/\/www.boutiqueaulit.ca\/en\/wp-json\/wp\/v2\/product"}],"about":[{"href":"https:\/\/www.boutiqueaulit.ca\/en\/wp-json\/wp\/v2\/types\/product"}],"wp:featuredmedia":[{"embeddable":true,"href":"https:\/\/www.boutiqueaulit.ca\/en\/wp-json\/wp\/v2\/media\/6877"}],"wp:attachment":[{"href":"https:\/\/www.boutiqueaulit.ca\/en\/wp-json\/wp\/v2\/media?parent=6882"}],"wp:term":[{"taxonomy":"product_cat","embeddable":true,"href":"https:\/\/www.boutiqueaulit.ca\/en\/wp-json\/wp\/v2\/product_cat?post=6882"},{"taxonomy":"product_tag","embeddable":true,"href":"https:\/\/www.boutiqueaulit.ca\/en\/wp-json\/wp\/v2\/product_tag?post=6882"}],"curies":[{"name":"wp","href":"https:\/\/api.w.org\/{rel}","templated":true}]}}