{"id":6764,"date":"2021-04-09T07:28:28","date_gmt":"2021-04-09T11:28:28","guid":{"rendered":"https:\/\/www.boutiqueaulit.ca\/?post_type=product&#038;p=6764"},"modified":"2025-09-11T15:14:36","modified_gmt":"2025-09-11T19:14:36","slug":"acajou-matelas-rene-r-bed","status":"publish","type":"product","link":"https:\/\/www.boutiqueaulit.ca\/en\/product\/acajou-matelas-rene-r-bed\/","title":{"rendered":"Acajou"},"content":{"rendered":"","protected":false},"excerpt":{"rendered":"<p><strong>Acajou \u2014 Le confort sur-mesure pour vos nuits<br \/>\n<\/strong><br \/>\nOffrez \u00e0 votre sommeil l\u2019excellence qu\u2019il m\u00e9rite.<br \/>\nLe matelas Acajou est soigneusement assembl\u00e9 avec une mousse haute densit\u00e9 \u00e0 fermet\u00e9 \u00e9quilibr\u00e9e, garantissant un soutien optimal et durable. Chaque d\u00e9tail est pens\u00e9 pour votre bien-\u00eatre : son rev\u00eatement en tissu de qualit\u00e9 sup\u00e9rieure, d\u00e9licatement piqu\u00e9 sur une fibre \u00e9paisse de polyester, enveloppe votre corps dans une douceur apaisante.<\/p>\n<ul>\n<li>Soutien ferme<\/li>\n<li>Confort longue dur\u00e9e<\/li>\n<li>Finitions haut de gamme<\/li>\n<\/ul>\n<p><strong>Acajou, parce que bien dormir n\u2019est pas un luxe \u2014 c\u2019est une n\u00e9cessit\u00e9.<\/strong><\/p>\n","protected":false},"featured_media":8517,"template":"","meta":{"_monsterinsights_skip_tracking":false,"_monsterinsights_sitenote_active":false,"_monsterinsights_sitenote_note":"","_monsterinsights_sitenote_category":0},"product_cat":[26,348],"product_tag":[],"acf":[],"yoast_head":"<!-- This site is optimized with the Yoast SEO plugin v21.8 - https:\/\/yoast.com\/wordpress\/plugins\/seo\/ -->\n<title>Acajou - auLit<\/title>\n<meta name=\"description\" content=\"Le matelas Acajou vous offre un support \u00e0 partir d\u2019une combinaison de mousse et ce, pour toutes les parties du corps.\" \/>\n<meta name=\"robots\" content=\"index, follow, max-snippet:-1, max-image-preview:large, max-video-preview:-1\" \/>\n<link rel=\"canonical\" href=\"https:\/\/www.boutiqueaulit.ca\/product\/acajou-matelas-rene-r-bed\/\" \/>\n<meta property=\"og:locale\" content=\"en_US\" \/>\n<meta property=\"og:type\" content=\"article\" \/>\n<meta property=\"og:title\" content=\"Acajou - auLit\" \/>\n<meta property=\"og:description\" content=\"Le matelas Acajou vous offre un support \u00e0 partir d\u2019une combinaison de mousse et ce, pour toutes les parties du corps.\" \/>\n<meta property=\"og:url\" content=\"https:\/\/www.boutiqueaulit.ca\/product\/acajou-matelas-rene-r-bed\/\" \/>\n<meta property=\"og:site_name\" content=\"auLit\" \/>\n<meta property=\"article:publisher\" content=\"https:\/\/www.facebook.com\/BoutiqueauLit\/\" \/>\n<meta property=\"article:modified_time\" content=\"2025-09-11T19:14:36+00:00\" \/>\n<meta property=\"og:image\" content=\"https:\/\/www.boutiqueaulit.ca\/wp-content\/uploads\/2021\/04\/matelas-acajou-trois-rivieres.jpg\" \/>\n\t<meta property=\"og:image:width\" content=\"575\" \/>\n\t<meta property=\"og:image:height\" content=\"384\" \/>\n\t<meta property=\"og:image:type\" content=\"image\/jpeg\" \/>\n<meta name=\"twitter:card\" content=\"summary_large_image\" \/>\n<meta name=\"twitter:label1\" content=\"Est. reading time\" \/>\n\t<meta name=\"twitter:data1\" content=\"1 minute\" \/>\n<script type=\"application\/ld+json\" class=\"yoast-schema-graph\">{\"@context\":\"https:\/\/schema.org\",\"@graph\":[{\"@type\":\"WebPage\",\"@id\":\"https:\/\/www.boutiqueaulit.ca\/product\/acajou-matelas-rene-r-bed\/\",\"url\":\"https:\/\/www.boutiqueaulit.ca\/product\/acajou-matelas-rene-r-bed\/\",\"name\":\"Acajou - auLit\",\"isPartOf\":{\"@id\":\"https:\/\/www.boutiqueaulit.ca\/#website\"},\"datePublished\":\"2021-04-09T11:28:28+00:00\",\"dateModified\":\"2025-09-11T19:14:36+00:00\",\"description\":\"Le matelas Acajou vous offre un support \u00e0 partir d\u2019une combinaison de mousse et ce, pour toutes les parties du corps.\",\"breadcrumb\":{\"@id\":\"https:\/\/www.boutiqueaulit.ca\/product\/acajou-matelas-rene-r-bed\/#breadcrumb\"},\"inLanguage\":\"en-CA\",\"potentialAction\":[{\"@type\":\"ReadAction\",\"target\":[\"https:\/\/www.boutiqueaulit.ca\/product\/acajou-matelas-rene-r-bed\/\"]}]},{\"@type\":\"BreadcrumbList\",\"@id\":\"https:\/\/www.boutiqueaulit.ca\/product\/acajou-matelas-rene-r-bed\/#breadcrumb\",\"itemListElement\":[{\"@type\":\"ListItem\",\"position\":1,\"name\":\"Accueil\",\"item\":\"https:\/\/www.boutiqueaulit.ca\/en\/\"},{\"@type\":\"ListItem\",\"position\":2,\"name\":\"Shop\",\"item\":\"https:\/\/www.boutiqueaulit.ca\/en\/shop\/\"},{\"@type\":\"ListItem\",\"position\":3,\"name\":\"Matelas\",\"item\":\"https:\/\/www.boutiqueaulit.ca\/product_cat\/matelas\/\"},{\"@type\":\"ListItem\",\"position\":4,\"name\":\"Acajou\"}]},{\"@type\":\"WebSite\",\"@id\":\"https:\/\/www.boutiqueaulit.ca\/#website\",\"url\":\"https:\/\/www.boutiqueaulit.ca\/\",\"name\":\"auLit\",\"description\":\"La journ\u00e9e vous appartient.\",\"publisher\":{\"@id\":\"https:\/\/www.boutiqueaulit.ca\/#organization\"},\"potentialAction\":[{\"@type\":\"SearchAction\",\"target\":{\"@type\":\"EntryPoint\",\"urlTemplate\":\"https:\/\/www.boutiqueaulit.ca\/?s={search_term_string}\"},\"query-input\":\"required name=search_term_string\"}],\"inLanguage\":\"en-CA\"},{\"@type\":\"Organization\",\"@id\":\"https:\/\/www.boutiqueaulit.ca\/#organization\",\"name\":\"Boutique auLit\",\"url\":\"https:\/\/www.boutiqueaulit.ca\/\",\"logo\":{\"@type\":\"ImageObject\",\"inLanguage\":\"en-CA\",\"@id\":\"https:\/\/www.boutiqueaulit.ca\/#\/schema\/logo\/image\/\",\"url\":\"https:\/\/www.boutiqueaulit.ca\/wp-content\/uploads\/2019\/03\/AuLit-logo.png\",\"contentUrl\":\"https:\/\/www.boutiqueaulit.ca\/wp-content\/uploads\/2019\/03\/AuLit-logo.png\",\"width\":400,\"height\":400,\"caption\":\"Boutique auLit\"},\"image\":{\"@id\":\"https:\/\/www.boutiqueaulit.ca\/#\/schema\/logo\/image\/\"},\"sameAs\":[\"https:\/\/www.facebook.com\/BoutiqueauLit\/\",\"https:\/\/www.youtube.com\/channel\/UCVwMwsNL9lzGhIAUGlH5ZxQ\"]}]}<\/script>\n<!-- \/ Yoast SEO plugin. -->","yoast_head_json":{"title":"Acajou - auLit","description":"Le matelas Acajou vous offre un support \u00e0 partir d\u2019une combinaison de mousse et ce, pour toutes les parties du corps.","robots":{"index":"index","follow":"follow","max-snippet":"max-snippet:-1","max-image-preview":"max-image-preview:large","max-video-preview":"max-video-preview:-1"},"canonical":"https:\/\/www.boutiqueaulit.ca\/product\/acajou-matelas-rene-r-bed\/","og_locale":"en_US","og_type":"article","og_title":"Acajou - auLit","og_description":"Le matelas Acajou vous offre un support \u00e0 partir d\u2019une combinaison de mousse et ce, pour toutes les parties du corps.","og_url":"https:\/\/www.boutiqueaulit.ca\/product\/acajou-matelas-rene-r-bed\/","og_site_name":"auLit","article_publisher":"https:\/\/www.facebook.com\/BoutiqueauLit\/","article_modified_time":"2025-09-11T19:14:36+00:00","og_image":[{"width":575,"height":384,"url":"https:\/\/www.boutiqueaulit.ca\/wp-content\/uploads\/2021\/04\/matelas-acajou-trois-rivieres.jpg","type":"image\/jpeg"}],"twitter_card":"summary_large_image","twitter_misc":{"Est. reading time":"1 minute"},"schema":{"@context":"https:\/\/schema.org","@graph":[{"@type":"WebPage","@id":"https:\/\/www.boutiqueaulit.ca\/product\/acajou-matelas-rene-r-bed\/","url":"https:\/\/www.boutiqueaulit.ca\/product\/acajou-matelas-rene-r-bed\/","name":"Acajou - auLit","isPartOf":{"@id":"https:\/\/www.boutiqueaulit.ca\/#website"},"datePublished":"2021-04-09T11:28:28+00:00","dateModified":"2025-09-11T19:14:36+00:00","description":"Le matelas Acajou vous offre un support \u00e0 partir d\u2019une combinaison de mousse et ce, pour toutes les parties du corps.","breadcrumb":{"@id":"https:\/\/www.boutiqueaulit.ca\/product\/acajou-matelas-rene-r-bed\/#breadcrumb"},"inLanguage":"en-CA","potentialAction":[{"@type":"ReadAction","target":["https:\/\/www.boutiqueaulit.ca\/product\/acajou-matelas-rene-r-bed\/"]}]},{"@type":"BreadcrumbList","@id":"https:\/\/www.boutiqueaulit.ca\/product\/acajou-matelas-rene-r-bed\/#breadcrumb","itemListElement":[{"@type":"ListItem","position":1,"name":"Accueil","item":"https:\/\/www.boutiqueaulit.ca\/en\/"},{"@type":"ListItem","position":2,"name":"Shop","item":"https:\/\/www.boutiqueaulit.ca\/en\/shop\/"},{"@type":"ListItem","position":3,"name":"Matelas","item":"https:\/\/www.boutiqueaulit.ca\/product_cat\/matelas\/"},{"@type":"ListItem","position":4,"name":"Acajou"}]},{"@type":"WebSite","@id":"https:\/\/www.boutiqueaulit.ca\/#website","url":"https:\/\/www.boutiqueaulit.ca\/","name":"auLit","description":"La journ\u00e9e vous appartient.","publisher":{"@id":"https:\/\/www.boutiqueaulit.ca\/#organization"},"potentialAction":[{"@type":"SearchAction","target":{"@type":"EntryPoint","urlTemplate":"https:\/\/www.boutiqueaulit.ca\/?s={search_term_string}"},"query-input":"required name=search_term_string"}],"inLanguage":"en-CA"},{"@type":"Organization","@id":"https:\/\/www.boutiqueaulit.ca\/#organization","name":"Boutique auLit","url":"https:\/\/www.boutiqueaulit.ca\/","logo":{"@type":"ImageObject","inLanguage":"en-CA","@id":"https:\/\/www.boutiqueaulit.ca\/#\/schema\/logo\/image\/","url":"https:\/\/www.boutiqueaulit.ca\/wp-content\/uploads\/2019\/03\/AuLit-logo.png","contentUrl":"https:\/\/www.boutiqueaulit.ca\/wp-content\/uploads\/2019\/03\/AuLit-logo.png","width":400,"height":400,"caption":"Boutique auLit"},"image":{"@id":"https:\/\/www.boutiqueaulit.ca\/#\/schema\/logo\/image\/"},"sameAs":["https:\/\/www.facebook.com\/BoutiqueauLit\/","https:\/\/www.youtube.com\/channel\/UCVwMwsNL9lzGhIAUGlH5ZxQ"]}]}},"_links":{"self":[{"href":"https:\/\/www.boutiqueaulit.ca\/en\/wp-json\/wp\/v2\/product\/6764"}],"collection":[{"href":"https:\/\/www.boutiqueaulit.ca\/en\/wp-json\/wp\/v2\/product"}],"about":[{"href":"https:\/\/www.boutiqueaulit.ca\/en\/wp-json\/wp\/v2\/types\/product"}],"wp:featuredmedia":[{"embeddable":true,"href":"https:\/\/www.boutiqueaulit.ca\/en\/wp-json\/wp\/v2\/media\/8517"}],"wp:attachment":[{"href":"https:\/\/www.boutiqueaulit.ca\/en\/wp-json\/wp\/v2\/media?parent=6764"}],"wp:term":[{"taxonomy":"product_cat","embeddable":true,"href":"https:\/\/www.boutiqueaulit.ca\/en\/wp-json\/wp\/v2\/product_cat?post=6764"},{"taxonomy":"product_tag","embeddable":true,"href":"https:\/\/www.boutiqueaulit.ca\/en\/wp-json\/wp\/v2\/product_tag?post=6764"}],"curies":[{"name":"wp","href":"https:\/\/api.w.org\/{rel}","templated":true}]}}