{"id":6737,"date":"2021-04-08T11:43:06","date_gmt":"2021-04-08T15:43:06","guid":{"rendered":"https:\/\/www.boutiqueaulit.ca\/?post_type=product&#038;p=6737"},"modified":"2025-09-11T15:13:17","modified_gmt":"2025-09-11T19:13:17","slug":"ginko-matelas-quebecois","status":"publish","type":"product","link":"https:\/\/www.boutiqueaulit.ca\/en\/product\/ginko-matelas-quebecois\/","title":{"rendered":"Ginko"},"content":{"rendered":"","protected":false},"excerpt":{"rendered":"<p><strong>Offrez \u00e0 votre sommeil le confort qu\u2019il m\u00e9rite avec le matelas Ginko.<\/strong><br \/>\nCon\u00e7u pour ceux qui recherchent un soutien optimal, le Ginko allie une mousse haute densit\u00e9 \u00e0 fermet\u00e9 \u00e9quilibr\u00e9e pour \u00e9pouser parfaitement les courbes du corps et soulager les points de pression. Son rev\u00eatement en tissu haut de gamme, d\u00e9licatement piqu\u00e9 sur une fibre \u00e9paisse de polyester, cr\u00e9e une sensation de douceur enveloppante tout en garantissant un confort durable, nuit apr\u00e8s nuit.<\/p>\n","protected":false},"featured_media":8529,"template":"","meta":{"_monsterinsights_skip_tracking":false,"_monsterinsights_sitenote_active":false,"_monsterinsights_sitenote_note":"","_monsterinsights_sitenote_category":0},"product_cat":[26,348],"product_tag":[],"acf":[],"yoast_head":"<!-- This site is optimized with the Yoast SEO plugin v21.8 - https:\/\/yoast.com\/wordpress\/plugins\/seo\/ -->\n<title>Ginko - auLit<\/title>\n<meta name=\"description\" content=\"Le matelas Ginko vous offre un support \u00e0 partir d\u2019une combinaison de mousse et ce, pour toutes les parties du corps.\" \/>\n<meta name=\"robots\" content=\"index, follow, max-snippet:-1, max-image-preview:large, max-video-preview:-1\" \/>\n<link rel=\"canonical\" href=\"https:\/\/www.boutiqueaulit.ca\/product\/ginko-matelas-quebecois\/\" \/>\n<meta property=\"og:locale\" content=\"en_US\" \/>\n<meta property=\"og:type\" content=\"article\" \/>\n<meta property=\"og:title\" content=\"Ginko - auLit\" \/>\n<meta property=\"og:description\" content=\"Le matelas Ginko vous offre un support \u00e0 partir d\u2019une combinaison de mousse et ce, pour toutes les parties du corps.\" \/>\n<meta property=\"og:url\" content=\"https:\/\/www.boutiqueaulit.ca\/product\/ginko-matelas-quebecois\/\" \/>\n<meta property=\"og:site_name\" content=\"auLit\" \/>\n<meta property=\"article:publisher\" content=\"https:\/\/www.facebook.com\/BoutiqueauLit\/\" \/>\n<meta property=\"article:modified_time\" content=\"2025-09-11T19:13:17+00:00\" \/>\n<meta property=\"og:image\" content=\"https:\/\/www.boutiqueaulit.ca\/wp-content\/uploads\/2021\/04\/matelas-ginko-becancour.jpg\" \/>\n\t<meta property=\"og:image:width\" content=\"575\" \/>\n\t<meta property=\"og:image:height\" content=\"384\" \/>\n\t<meta property=\"og:image:type\" content=\"image\/jpeg\" \/>\n<meta name=\"twitter:card\" content=\"summary_large_image\" \/>\n<meta name=\"twitter:label1\" content=\"Est. reading time\" \/>\n\t<meta name=\"twitter:data1\" content=\"1 minute\" \/>\n<script type=\"application\/ld+json\" class=\"yoast-schema-graph\">{\"@context\":\"https:\/\/schema.org\",\"@graph\":[{\"@type\":\"WebPage\",\"@id\":\"https:\/\/www.boutiqueaulit.ca\/product\/ginko-matelas-quebecois\/\",\"url\":\"https:\/\/www.boutiqueaulit.ca\/product\/ginko-matelas-quebecois\/\",\"name\":\"Ginko - auLit\",\"isPartOf\":{\"@id\":\"https:\/\/www.boutiqueaulit.ca\/#website\"},\"datePublished\":\"2021-04-08T15:43:06+00:00\",\"dateModified\":\"2025-09-11T19:13:17+00:00\",\"description\":\"Le matelas Ginko vous offre un support \u00e0 partir d\u2019une combinaison de mousse et ce, pour toutes les parties du corps.\",\"breadcrumb\":{\"@id\":\"https:\/\/www.boutiqueaulit.ca\/product\/ginko-matelas-quebecois\/#breadcrumb\"},\"inLanguage\":\"en-CA\",\"potentialAction\":[{\"@type\":\"ReadAction\",\"target\":[\"https:\/\/www.boutiqueaulit.ca\/product\/ginko-matelas-quebecois\/\"]}]},{\"@type\":\"BreadcrumbList\",\"@id\":\"https:\/\/www.boutiqueaulit.ca\/product\/ginko-matelas-quebecois\/#breadcrumb\",\"itemListElement\":[{\"@type\":\"ListItem\",\"position\":1,\"name\":\"Accueil\",\"item\":\"https:\/\/www.boutiqueaulit.ca\/en\/\"},{\"@type\":\"ListItem\",\"position\":2,\"name\":\"Shop\",\"item\":\"https:\/\/www.boutiqueaulit.ca\/en\/shop\/\"},{\"@type\":\"ListItem\",\"position\":3,\"name\":\"Matelas\",\"item\":\"https:\/\/www.boutiqueaulit.ca\/product_cat\/matelas\/\"},{\"@type\":\"ListItem\",\"position\":4,\"name\":\"Ginko\"}]},{\"@type\":\"WebSite\",\"@id\":\"https:\/\/www.boutiqueaulit.ca\/#website\",\"url\":\"https:\/\/www.boutiqueaulit.ca\/\",\"name\":\"auLit\",\"description\":\"La journ\u00e9e vous appartient.\",\"publisher\":{\"@id\":\"https:\/\/www.boutiqueaulit.ca\/#organization\"},\"potentialAction\":[{\"@type\":\"SearchAction\",\"target\":{\"@type\":\"EntryPoint\",\"urlTemplate\":\"https:\/\/www.boutiqueaulit.ca\/?s={search_term_string}\"},\"query-input\":\"required name=search_term_string\"}],\"inLanguage\":\"en-CA\"},{\"@type\":\"Organization\",\"@id\":\"https:\/\/www.boutiqueaulit.ca\/#organization\",\"name\":\"Boutique auLit\",\"url\":\"https:\/\/www.boutiqueaulit.ca\/\",\"logo\":{\"@type\":\"ImageObject\",\"inLanguage\":\"en-CA\",\"@id\":\"https:\/\/www.boutiqueaulit.ca\/#\/schema\/logo\/image\/\",\"url\":\"https:\/\/www.boutiqueaulit.ca\/wp-content\/uploads\/2019\/03\/AuLit-logo.png\",\"contentUrl\":\"https:\/\/www.boutiqueaulit.ca\/wp-content\/uploads\/2019\/03\/AuLit-logo.png\",\"width\":400,\"height\":400,\"caption\":\"Boutique auLit\"},\"image\":{\"@id\":\"https:\/\/www.boutiqueaulit.ca\/#\/schema\/logo\/image\/\"},\"sameAs\":[\"https:\/\/www.facebook.com\/BoutiqueauLit\/\",\"https:\/\/www.youtube.com\/channel\/UCVwMwsNL9lzGhIAUGlH5ZxQ\"]}]}<\/script>\n<!-- \/ Yoast SEO plugin. -->","yoast_head_json":{"title":"Ginko - auLit","description":"Le matelas Ginko vous offre un support \u00e0 partir d\u2019une combinaison de mousse et ce, pour toutes les parties du corps.","robots":{"index":"index","follow":"follow","max-snippet":"max-snippet:-1","max-image-preview":"max-image-preview:large","max-video-preview":"max-video-preview:-1"},"canonical":"https:\/\/www.boutiqueaulit.ca\/product\/ginko-matelas-quebecois\/","og_locale":"en_US","og_type":"article","og_title":"Ginko - auLit","og_description":"Le matelas Ginko vous offre un support \u00e0 partir d\u2019une combinaison de mousse et ce, pour toutes les parties du corps.","og_url":"https:\/\/www.boutiqueaulit.ca\/product\/ginko-matelas-quebecois\/","og_site_name":"auLit","article_publisher":"https:\/\/www.facebook.com\/BoutiqueauLit\/","article_modified_time":"2025-09-11T19:13:17+00:00","og_image":[{"width":575,"height":384,"url":"https:\/\/www.boutiqueaulit.ca\/wp-content\/uploads\/2021\/04\/matelas-ginko-becancour.jpg","type":"image\/jpeg"}],"twitter_card":"summary_large_image","twitter_misc":{"Est. reading time":"1 minute"},"schema":{"@context":"https:\/\/schema.org","@graph":[{"@type":"WebPage","@id":"https:\/\/www.boutiqueaulit.ca\/product\/ginko-matelas-quebecois\/","url":"https:\/\/www.boutiqueaulit.ca\/product\/ginko-matelas-quebecois\/","name":"Ginko - auLit","isPartOf":{"@id":"https:\/\/www.boutiqueaulit.ca\/#website"},"datePublished":"2021-04-08T15:43:06+00:00","dateModified":"2025-09-11T19:13:17+00:00","description":"Le matelas Ginko vous offre un support \u00e0 partir d\u2019une combinaison de mousse et ce, pour toutes les parties du corps.","breadcrumb":{"@id":"https:\/\/www.boutiqueaulit.ca\/product\/ginko-matelas-quebecois\/#breadcrumb"},"inLanguage":"en-CA","potentialAction":[{"@type":"ReadAction","target":["https:\/\/www.boutiqueaulit.ca\/product\/ginko-matelas-quebecois\/"]}]},{"@type":"BreadcrumbList","@id":"https:\/\/www.boutiqueaulit.ca\/product\/ginko-matelas-quebecois\/#breadcrumb","itemListElement":[{"@type":"ListItem","position":1,"name":"Accueil","item":"https:\/\/www.boutiqueaulit.ca\/en\/"},{"@type":"ListItem","position":2,"name":"Shop","item":"https:\/\/www.boutiqueaulit.ca\/en\/shop\/"},{"@type":"ListItem","position":3,"name":"Matelas","item":"https:\/\/www.boutiqueaulit.ca\/product_cat\/matelas\/"},{"@type":"ListItem","position":4,"name":"Ginko"}]},{"@type":"WebSite","@id":"https:\/\/www.boutiqueaulit.ca\/#website","url":"https:\/\/www.boutiqueaulit.ca\/","name":"auLit","description":"La journ\u00e9e vous appartient.","publisher":{"@id":"https:\/\/www.boutiqueaulit.ca\/#organization"},"potentialAction":[{"@type":"SearchAction","target":{"@type":"EntryPoint","urlTemplate":"https:\/\/www.boutiqueaulit.ca\/?s={search_term_string}"},"query-input":"required name=search_term_string"}],"inLanguage":"en-CA"},{"@type":"Organization","@id":"https:\/\/www.boutiqueaulit.ca\/#organization","name":"Boutique auLit","url":"https:\/\/www.boutiqueaulit.ca\/","logo":{"@type":"ImageObject","inLanguage":"en-CA","@id":"https:\/\/www.boutiqueaulit.ca\/#\/schema\/logo\/image\/","url":"https:\/\/www.boutiqueaulit.ca\/wp-content\/uploads\/2019\/03\/AuLit-logo.png","contentUrl":"https:\/\/www.boutiqueaulit.ca\/wp-content\/uploads\/2019\/03\/AuLit-logo.png","width":400,"height":400,"caption":"Boutique auLit"},"image":{"@id":"https:\/\/www.boutiqueaulit.ca\/#\/schema\/logo\/image\/"},"sameAs":["https:\/\/www.facebook.com\/BoutiqueauLit\/","https:\/\/www.youtube.com\/channel\/UCVwMwsNL9lzGhIAUGlH5ZxQ"]}]}},"_links":{"self":[{"href":"https:\/\/www.boutiqueaulit.ca\/en\/wp-json\/wp\/v2\/product\/6737"}],"collection":[{"href":"https:\/\/www.boutiqueaulit.ca\/en\/wp-json\/wp\/v2\/product"}],"about":[{"href":"https:\/\/www.boutiqueaulit.ca\/en\/wp-json\/wp\/v2\/types\/product"}],"wp:featuredmedia":[{"embeddable":true,"href":"https:\/\/www.boutiqueaulit.ca\/en\/wp-json\/wp\/v2\/media\/8529"}],"wp:attachment":[{"href":"https:\/\/www.boutiqueaulit.ca\/en\/wp-json\/wp\/v2\/media?parent=6737"}],"wp:term":[{"taxonomy":"product_cat","embeddable":true,"href":"https:\/\/www.boutiqueaulit.ca\/en\/wp-json\/wp\/v2\/product_cat?post=6737"},{"taxonomy":"product_tag","embeddable":true,"href":"https:\/\/www.boutiqueaulit.ca\/en\/wp-json\/wp\/v2\/product_tag?post=6737"}],"curies":[{"name":"wp","href":"https:\/\/api.w.org\/{rel}","templated":true}]}}