{"id":13581,"date":"2026-03-04T10:15:44","date_gmt":"2026-03-04T15:15:44","guid":{"rendered":"https:\/\/www.boutiqueaulit.ca\/?post_type=product&#038;p=13581"},"modified":"2026-03-04T11:29:40","modified_gmt":"2026-03-04T16:29:40","slug":"medimatt-cozymatt","status":"publish","type":"product","link":"https:\/\/www.boutiqueaulit.ca\/en\/product\/medimatt-cozymatt\/","title":{"rendered":"M\u00e9diMATT &#8211; CozyMATT"},"content":{"rendered":"","protected":false},"excerpt":{"rendered":"<p>A family-owned Qu\u00e9bec company since 1947, Matelas Ren\u00e9 designs and manufactures high-end mattresses tailored to the needs of sleepers across Canada. Through its specialized M\u00e9diMATT collection for adjustable beds, the company stands out with innovative designs that combine technology, durability, and comfort.<\/p>\n<p>The CozyMATT mattress perfectly embodies this Qu\u00e9bec expertise: a high-performance mattress combining pocketed springs, high-density foam, natural latex, ViscoNASA, and premium-quality materials.<\/p>\n","protected":false},"featured_media":13582,"template":"","meta":{"_monsterinsights_skip_tracking":false,"_monsterinsights_sitenote_active":false,"_monsterinsights_sitenote_note":"","_monsterinsights_sitenote_category":0},"product_cat":[141,353],"product_tag":[],"acf":[],"yoast_head":"<!-- This site is optimized with the Yoast SEO plugin v21.8 - https:\/\/yoast.com\/wordpress\/plugins\/seo\/ -->\n<title>M\u00e9diMATT - CozyMATT - auLit<\/title>\n<meta name=\"description\" content=\"A mattress engineered for comfort, offering advanced lumbar support, pressure point reduction, balanced temperature control, and exceptional durability.\" \/>\n<meta name=\"robots\" content=\"index, follow, max-snippet:-1, max-image-preview:large, max-video-preview:-1\" \/>\n<meta property=\"og:locale\" content=\"en_US\" \/>\n<meta property=\"og:type\" content=\"article\" \/>\n<meta property=\"og:title\" content=\"M\u00e9diMATT - CozyMATT - auLit\" \/>\n<meta property=\"og:description\" content=\"A mattress engineered for comfort, offering advanced lumbar support, pressure point reduction, balanced temperature control, and exceptional durability.\" \/>\n<meta property=\"og:url\" content=\"https:\/\/www.boutiqueaulit.ca\/en\/product\/medimatt-cozymatt\/\" \/>\n<meta property=\"og:site_name\" content=\"auLit\" \/>\n<meta property=\"article:publisher\" content=\"https:\/\/www.facebook.com\/BoutiqueauLit\/\" \/>\n<meta property=\"article:modified_time\" content=\"2026-03-04T16:29:40+00:00\" \/>\n<meta property=\"og:image\" content=\"https:\/\/www.boutiqueaulit.ca\/wp-content\/uploads\/2026\/03\/cozymatt-diag-W.png\" \/>\n\t<meta property=\"og:image:width\" content=\"1000\" \/>\n\t<meta property=\"og:image:height\" content=\"1000\" \/>\n\t<meta property=\"og:image:type\" content=\"image\/png\" \/>\n<meta name=\"twitter:card\" content=\"summary_large_image\" \/>\n<meta name=\"twitter:label1\" content=\"Est. reading time\" \/>\n\t<meta name=\"twitter:data1\" content=\"1 minute\" \/>\n<script type=\"application\/ld+json\" class=\"yoast-schema-graph\">{\"@context\":\"https:\/\/schema.org\",\"@graph\":[{\"@type\":\"WebPage\",\"@id\":\"https:\/\/www.boutiqueaulit.ca\/en\/product\/medimatt-cozymatt\/\",\"url\":\"https:\/\/www.boutiqueaulit.ca\/en\/product\/medimatt-cozymatt\/\",\"name\":\"M\u00e9diMATT - CozyMATT - auLit\",\"isPartOf\":{\"@id\":\"https:\/\/www.boutiqueaulit.ca\/#website\"},\"datePublished\":\"2026-03-04T15:15:44+00:00\",\"dateModified\":\"2026-03-04T16:29:40+00:00\",\"description\":\"A mattress engineered for comfort, offering advanced lumbar support, pressure point reduction, balanced temperature control, and exceptional durability.\",\"breadcrumb\":{\"@id\":\"https:\/\/www.boutiqueaulit.ca\/en\/product\/medimatt-cozymatt\/#breadcrumb\"},\"inLanguage\":\"en-CA\",\"potentialAction\":[{\"@type\":\"ReadAction\",\"target\":[\"https:\/\/www.boutiqueaulit.ca\/en\/product\/medimatt-cozymatt\/\"]}]},{\"@type\":\"BreadcrumbList\",\"@id\":\"https:\/\/www.boutiqueaulit.ca\/en\/product\/medimatt-cozymatt\/#breadcrumb\",\"itemListElement\":[{\"@type\":\"ListItem\",\"position\":1,\"name\":\"Accueil\",\"item\":\"https:\/\/www.boutiqueaulit.ca\/en\/\"},{\"@type\":\"ListItem\",\"position\":2,\"name\":\"Shop\",\"item\":\"https:\/\/www.boutiqueaulit.ca\/en\/shop\/\"},{\"@type\":\"ListItem\",\"position\":3,\"name\":\"Matelas\",\"item\":\"https:\/\/www.boutiqueaulit.ca\/product_cat\/matelas\/\"},{\"@type\":\"ListItem\",\"position\":4,\"name\":\"M\u00e9diMATT &#8211; CozyMATT\"}]},{\"@type\":\"WebSite\",\"@id\":\"https:\/\/www.boutiqueaulit.ca\/#website\",\"url\":\"https:\/\/www.boutiqueaulit.ca\/\",\"name\":\"auLit\",\"description\":\"La journ\u00e9e vous appartient.\",\"publisher\":{\"@id\":\"https:\/\/www.boutiqueaulit.ca\/#organization\"},\"potentialAction\":[{\"@type\":\"SearchAction\",\"target\":{\"@type\":\"EntryPoint\",\"urlTemplate\":\"https:\/\/www.boutiqueaulit.ca\/?s={search_term_string}\"},\"query-input\":\"required name=search_term_string\"}],\"inLanguage\":\"en-CA\"},{\"@type\":\"Organization\",\"@id\":\"https:\/\/www.boutiqueaulit.ca\/#organization\",\"name\":\"Boutique auLit\",\"url\":\"https:\/\/www.boutiqueaulit.ca\/\",\"logo\":{\"@type\":\"ImageObject\",\"inLanguage\":\"en-CA\",\"@id\":\"https:\/\/www.boutiqueaulit.ca\/#\/schema\/logo\/image\/\",\"url\":\"https:\/\/www.boutiqueaulit.ca\/wp-content\/uploads\/2019\/03\/AuLit-logo.png\",\"contentUrl\":\"https:\/\/www.boutiqueaulit.ca\/wp-content\/uploads\/2019\/03\/AuLit-logo.png\",\"width\":400,\"height\":400,\"caption\":\"Boutique auLit\"},\"image\":{\"@id\":\"https:\/\/www.boutiqueaulit.ca\/#\/schema\/logo\/image\/\"},\"sameAs\":[\"https:\/\/www.facebook.com\/BoutiqueauLit\/\",\"https:\/\/www.youtube.com\/channel\/UCVwMwsNL9lzGhIAUGlH5ZxQ\"]}]}<\/script>\n<!-- \/ Yoast SEO plugin. -->","yoast_head_json":{"title":"M\u00e9diMATT - CozyMATT - auLit","description":"A mattress engineered for comfort, offering advanced lumbar support, pressure point reduction, balanced temperature control, and exceptional durability.","robots":{"index":"index","follow":"follow","max-snippet":"max-snippet:-1","max-image-preview":"max-image-preview:large","max-video-preview":"max-video-preview:-1"},"og_locale":"en_US","og_type":"article","og_title":"M\u00e9diMATT - CozyMATT - auLit","og_description":"A mattress engineered for comfort, offering advanced lumbar support, pressure point reduction, balanced temperature control, and exceptional durability.","og_url":"https:\/\/www.boutiqueaulit.ca\/en\/product\/medimatt-cozymatt\/","og_site_name":"auLit","article_publisher":"https:\/\/www.facebook.com\/BoutiqueauLit\/","article_modified_time":"2026-03-04T16:29:40+00:00","og_image":[{"width":1000,"height":1000,"url":"https:\/\/www.boutiqueaulit.ca\/wp-content\/uploads\/2026\/03\/cozymatt-diag-W.png","type":"image\/png"}],"twitter_card":"summary_large_image","twitter_misc":{"Est. reading time":"1 minute"},"schema":{"@context":"https:\/\/schema.org","@graph":[{"@type":"WebPage","@id":"https:\/\/www.boutiqueaulit.ca\/en\/product\/medimatt-cozymatt\/","url":"https:\/\/www.boutiqueaulit.ca\/en\/product\/medimatt-cozymatt\/","name":"M\u00e9diMATT - CozyMATT - auLit","isPartOf":{"@id":"https:\/\/www.boutiqueaulit.ca\/#website"},"datePublished":"2026-03-04T15:15:44+00:00","dateModified":"2026-03-04T16:29:40+00:00","description":"A mattress engineered for comfort, offering advanced lumbar support, pressure point reduction, balanced temperature control, and exceptional durability.","breadcrumb":{"@id":"https:\/\/www.boutiqueaulit.ca\/en\/product\/medimatt-cozymatt\/#breadcrumb"},"inLanguage":"en-CA","potentialAction":[{"@type":"ReadAction","target":["https:\/\/www.boutiqueaulit.ca\/en\/product\/medimatt-cozymatt\/"]}]},{"@type":"BreadcrumbList","@id":"https:\/\/www.boutiqueaulit.ca\/en\/product\/medimatt-cozymatt\/#breadcrumb","itemListElement":[{"@type":"ListItem","position":1,"name":"Accueil","item":"https:\/\/www.boutiqueaulit.ca\/en\/"},{"@type":"ListItem","position":2,"name":"Shop","item":"https:\/\/www.boutiqueaulit.ca\/en\/shop\/"},{"@type":"ListItem","position":3,"name":"Matelas","item":"https:\/\/www.boutiqueaulit.ca\/product_cat\/matelas\/"},{"@type":"ListItem","position":4,"name":"M\u00e9diMATT &#8211; CozyMATT"}]},{"@type":"WebSite","@id":"https:\/\/www.boutiqueaulit.ca\/#website","url":"https:\/\/www.boutiqueaulit.ca\/","name":"auLit","description":"La journ\u00e9e vous appartient.","publisher":{"@id":"https:\/\/www.boutiqueaulit.ca\/#organization"},"potentialAction":[{"@type":"SearchAction","target":{"@type":"EntryPoint","urlTemplate":"https:\/\/www.boutiqueaulit.ca\/?s={search_term_string}"},"query-input":"required name=search_term_string"}],"inLanguage":"en-CA"},{"@type":"Organization","@id":"https:\/\/www.boutiqueaulit.ca\/#organization","name":"Boutique auLit","url":"https:\/\/www.boutiqueaulit.ca\/","logo":{"@type":"ImageObject","inLanguage":"en-CA","@id":"https:\/\/www.boutiqueaulit.ca\/#\/schema\/logo\/image\/","url":"https:\/\/www.boutiqueaulit.ca\/wp-content\/uploads\/2019\/03\/AuLit-logo.png","contentUrl":"https:\/\/www.boutiqueaulit.ca\/wp-content\/uploads\/2019\/03\/AuLit-logo.png","width":400,"height":400,"caption":"Boutique auLit"},"image":{"@id":"https:\/\/www.boutiqueaulit.ca\/#\/schema\/logo\/image\/"},"sameAs":["https:\/\/www.facebook.com\/BoutiqueauLit\/","https:\/\/www.youtube.com\/channel\/UCVwMwsNL9lzGhIAUGlH5ZxQ"]}]}},"_links":{"self":[{"href":"https:\/\/www.boutiqueaulit.ca\/en\/wp-json\/wp\/v2\/product\/13581"}],"collection":[{"href":"https:\/\/www.boutiqueaulit.ca\/en\/wp-json\/wp\/v2\/product"}],"about":[{"href":"https:\/\/www.boutiqueaulit.ca\/en\/wp-json\/wp\/v2\/types\/product"}],"wp:featuredmedia":[{"embeddable":true,"href":"https:\/\/www.boutiqueaulit.ca\/en\/wp-json\/wp\/v2\/media\/13582"}],"wp:attachment":[{"href":"https:\/\/www.boutiqueaulit.ca\/en\/wp-json\/wp\/v2\/media?parent=13581"}],"wp:term":[{"taxonomy":"product_cat","embeddable":true,"href":"https:\/\/www.boutiqueaulit.ca\/en\/wp-json\/wp\/v2\/product_cat?post=13581"},{"taxonomy":"product_tag","embeddable":true,"href":"https:\/\/www.boutiqueaulit.ca\/en\/wp-json\/wp\/v2\/product_tag?post=13581"}],"curies":[{"name":"wp","href":"https:\/\/api.w.org\/{rel}","templated":true}]}}