{"id":13498,"date":"2026-02-25T16:49:19","date_gmt":"2026-02-25T21:49:19","guid":{"rendered":"https:\/\/www.boutiqueaulit.ca\/?post_type=product&#038;p=13498"},"modified":"2026-02-25T16:49:20","modified_gmt":"2026-02-25T21:49:20","slug":"oreiller-aeration-innovatrice-ergonomique","status":"publish","type":"product","link":"https:\/\/www.boutiqueaulit.ca\/en\/product\/oreiller-aeration-innovatrice-ergonomique\/","title":{"rendered":"Oreiller A\u00e9ration Innovatrice Ergonomique"},"content":{"rendered":"","protected":false},"excerpt":{"rendered":"<p>D\u00e9couvrez le confort personnalis\u00e9 avec notre oreiller ergonomique en mousse m\u00e9moire. Son trou d\u2019\u00e9paule soulage les tensions au niveau des \u00e9paules et du cou, vous offrant ainsi un alignement parfait de la colonne vert\u00e9brale pour des nuits r\u00e9paratrices.<\/p>\n","protected":false},"featured_media":13501,"template":"","meta":{"_monsterinsights_skip_tracking":false,"_monsterinsights_sitenote_active":false,"_monsterinsights_sitenote_note":"","_monsterinsights_sitenote_category":0},"product_cat":[370],"product_tag":[],"acf":[],"yoast_head":"<!-- This site is optimized with the Yoast SEO plugin v21.8 - https:\/\/yoast.com\/wordpress\/plugins\/seo\/ -->\n<title>Oreiller A\u00e9ration Innovatrice Ergonomique - auLit<\/title>\n<meta name=\"description\" content=\"D\u00e9couvrez le confort personnalis\u00e9 avec notre oreiller ergonomique en mousse m\u00e9moire. Son trou d\u2019\u00e9paule soulage les tensions au niveau des \u00e9paules et du cou.\" \/>\n<meta name=\"robots\" content=\"index, follow, max-snippet:-1, max-image-preview:large, max-video-preview:-1\" \/>\n<link rel=\"canonical\" href=\"https:\/\/www.boutiqueaulit.ca\/product\/oreiller-aeration-innovatrice-ergonomique\/\" \/>\n<meta property=\"og:locale\" content=\"en_US\" \/>\n<meta property=\"og:type\" content=\"article\" \/>\n<meta property=\"og:title\" content=\"Oreiller A\u00e9ration Innovatrice Ergonomique - auLit\" \/>\n<meta property=\"og:description\" content=\"D\u00e9couvrez le confort personnalis\u00e9 avec notre oreiller ergonomique en mousse m\u00e9moire. Son trou d\u2019\u00e9paule soulage les tensions au niveau des \u00e9paules et du cou.\" \/>\n<meta property=\"og:url\" content=\"https:\/\/www.boutiqueaulit.ca\/product\/oreiller-aeration-innovatrice-ergonomique\/\" \/>\n<meta property=\"og:site_name\" content=\"auLit\" \/>\n<meta property=\"article:publisher\" content=\"https:\/\/www.facebook.com\/BoutiqueauLit\/\" \/>\n<meta property=\"article:modified_time\" content=\"2026-02-25T21:49:20+00:00\" \/>\n<meta property=\"og:image\" content=\"https:\/\/www.boutiqueaulit.ca\/wp-content\/uploads\/2026\/02\/oreiller-zenima-ergonomique-face.jpg\" \/>\n\t<meta property=\"og:image:width\" content=\"2475\" \/>\n\t<meta property=\"og:image:height\" content=\"1536\" \/>\n\t<meta property=\"og:image:type\" content=\"image\/jpeg\" \/>\n<meta name=\"twitter:card\" content=\"summary_large_image\" \/>\n<meta name=\"twitter:label1\" content=\"Est. reading time\" \/>\n\t<meta name=\"twitter:data1\" content=\"1 minute\" \/>\n<script type=\"application\/ld+json\" class=\"yoast-schema-graph\">{\"@context\":\"https:\/\/schema.org\",\"@graph\":[{\"@type\":\"WebPage\",\"@id\":\"https:\/\/www.boutiqueaulit.ca\/product\/oreiller-aeration-innovatrice-ergonomique\/\",\"url\":\"https:\/\/www.boutiqueaulit.ca\/product\/oreiller-aeration-innovatrice-ergonomique\/\",\"name\":\"Oreiller A\u00e9ration Innovatrice Ergonomique - auLit\",\"isPartOf\":{\"@id\":\"https:\/\/www.boutiqueaulit.ca\/#website\"},\"datePublished\":\"2026-02-25T21:49:19+00:00\",\"dateModified\":\"2026-02-25T21:49:20+00:00\",\"description\":\"D\u00e9couvrez le confort personnalis\u00e9 avec notre oreiller ergonomique en mousse m\u00e9moire. Son trou d\u2019\u00e9paule soulage les tensions au niveau des \u00e9paules et du cou.\",\"breadcrumb\":{\"@id\":\"https:\/\/www.boutiqueaulit.ca\/product\/oreiller-aeration-innovatrice-ergonomique\/#breadcrumb\"},\"inLanguage\":\"en-CA\",\"potentialAction\":[{\"@type\":\"ReadAction\",\"target\":[\"https:\/\/www.boutiqueaulit.ca\/product\/oreiller-aeration-innovatrice-ergonomique\/\"]}]},{\"@type\":\"BreadcrumbList\",\"@id\":\"https:\/\/www.boutiqueaulit.ca\/product\/oreiller-aeration-innovatrice-ergonomique\/#breadcrumb\",\"itemListElement\":[{\"@type\":\"ListItem\",\"position\":1,\"name\":\"Accueil\",\"item\":\"https:\/\/www.boutiqueaulit.ca\/en\/\"},{\"@type\":\"ListItem\",\"position\":2,\"name\":\"Shop\",\"item\":\"https:\/\/www.boutiqueaulit.ca\/en\/shop\/\"},{\"@type\":\"ListItem\",\"position\":3,\"name\":\"Literie\",\"item\":\"https:\/\/www.boutiqueaulit.ca\/product_cat\/literie\/\"},{\"@type\":\"ListItem\",\"position\":4,\"name\":\"Oreillers\",\"item\":\"https:\/\/www.boutiqueaulit.ca\/product_cat\/literie\/oreillers\/\"},{\"@type\":\"ListItem\",\"position\":5,\"name\":\"Oreiller A\u00e9ration Innovatrice Ergonomique\"}]},{\"@type\":\"WebSite\",\"@id\":\"https:\/\/www.boutiqueaulit.ca\/#website\",\"url\":\"https:\/\/www.boutiqueaulit.ca\/\",\"name\":\"auLit\",\"description\":\"La journ\u00e9e vous appartient.\",\"publisher\":{\"@id\":\"https:\/\/www.boutiqueaulit.ca\/#organization\"},\"potentialAction\":[{\"@type\":\"SearchAction\",\"target\":{\"@type\":\"EntryPoint\",\"urlTemplate\":\"https:\/\/www.boutiqueaulit.ca\/?s={search_term_string}\"},\"query-input\":\"required name=search_term_string\"}],\"inLanguage\":\"en-CA\"},{\"@type\":\"Organization\",\"@id\":\"https:\/\/www.boutiqueaulit.ca\/#organization\",\"name\":\"Boutique auLit\",\"url\":\"https:\/\/www.boutiqueaulit.ca\/\",\"logo\":{\"@type\":\"ImageObject\",\"inLanguage\":\"en-CA\",\"@id\":\"https:\/\/www.boutiqueaulit.ca\/#\/schema\/logo\/image\/\",\"url\":\"https:\/\/www.boutiqueaulit.ca\/wp-content\/uploads\/2019\/03\/AuLit-logo.png\",\"contentUrl\":\"https:\/\/www.boutiqueaulit.ca\/wp-content\/uploads\/2019\/03\/AuLit-logo.png\",\"width\":400,\"height\":400,\"caption\":\"Boutique auLit\"},\"image\":{\"@id\":\"https:\/\/www.boutiqueaulit.ca\/#\/schema\/logo\/image\/\"},\"sameAs\":[\"https:\/\/www.facebook.com\/BoutiqueauLit\/\",\"https:\/\/www.youtube.com\/channel\/UCVwMwsNL9lzGhIAUGlH5ZxQ\"]}]}<\/script>\n<!-- \/ Yoast SEO plugin. -->","yoast_head_json":{"title":"Oreiller A\u00e9ration Innovatrice Ergonomique - auLit","description":"D\u00e9couvrez le confort personnalis\u00e9 avec notre oreiller ergonomique en mousse m\u00e9moire. Son trou d\u2019\u00e9paule soulage les tensions au niveau des \u00e9paules et du cou.","robots":{"index":"index","follow":"follow","max-snippet":"max-snippet:-1","max-image-preview":"max-image-preview:large","max-video-preview":"max-video-preview:-1"},"canonical":"https:\/\/www.boutiqueaulit.ca\/product\/oreiller-aeration-innovatrice-ergonomique\/","og_locale":"en_US","og_type":"article","og_title":"Oreiller A\u00e9ration Innovatrice Ergonomique - auLit","og_description":"D\u00e9couvrez le confort personnalis\u00e9 avec notre oreiller ergonomique en mousse m\u00e9moire. Son trou d\u2019\u00e9paule soulage les tensions au niveau des \u00e9paules et du cou.","og_url":"https:\/\/www.boutiqueaulit.ca\/product\/oreiller-aeration-innovatrice-ergonomique\/","og_site_name":"auLit","article_publisher":"https:\/\/www.facebook.com\/BoutiqueauLit\/","article_modified_time":"2026-02-25T21:49:20+00:00","og_image":[{"width":2475,"height":1536,"url":"https:\/\/www.boutiqueaulit.ca\/wp-content\/uploads\/2026\/02\/oreiller-zenima-ergonomique-face.jpg","type":"image\/jpeg"}],"twitter_card":"summary_large_image","twitter_misc":{"Est. reading time":"1 minute"},"schema":{"@context":"https:\/\/schema.org","@graph":[{"@type":"WebPage","@id":"https:\/\/www.boutiqueaulit.ca\/product\/oreiller-aeration-innovatrice-ergonomique\/","url":"https:\/\/www.boutiqueaulit.ca\/product\/oreiller-aeration-innovatrice-ergonomique\/","name":"Oreiller A\u00e9ration Innovatrice Ergonomique - auLit","isPartOf":{"@id":"https:\/\/www.boutiqueaulit.ca\/#website"},"datePublished":"2026-02-25T21:49:19+00:00","dateModified":"2026-02-25T21:49:20+00:00","description":"D\u00e9couvrez le confort personnalis\u00e9 avec notre oreiller ergonomique en mousse m\u00e9moire. Son trou d\u2019\u00e9paule soulage les tensions au niveau des \u00e9paules et du cou.","breadcrumb":{"@id":"https:\/\/www.boutiqueaulit.ca\/product\/oreiller-aeration-innovatrice-ergonomique\/#breadcrumb"},"inLanguage":"en-CA","potentialAction":[{"@type":"ReadAction","target":["https:\/\/www.boutiqueaulit.ca\/product\/oreiller-aeration-innovatrice-ergonomique\/"]}]},{"@type":"BreadcrumbList","@id":"https:\/\/www.boutiqueaulit.ca\/product\/oreiller-aeration-innovatrice-ergonomique\/#breadcrumb","itemListElement":[{"@type":"ListItem","position":1,"name":"Accueil","item":"https:\/\/www.boutiqueaulit.ca\/en\/"},{"@type":"ListItem","position":2,"name":"Shop","item":"https:\/\/www.boutiqueaulit.ca\/en\/shop\/"},{"@type":"ListItem","position":3,"name":"Literie","item":"https:\/\/www.boutiqueaulit.ca\/product_cat\/literie\/"},{"@type":"ListItem","position":4,"name":"Oreillers","item":"https:\/\/www.boutiqueaulit.ca\/product_cat\/literie\/oreillers\/"},{"@type":"ListItem","position":5,"name":"Oreiller A\u00e9ration Innovatrice Ergonomique"}]},{"@type":"WebSite","@id":"https:\/\/www.boutiqueaulit.ca\/#website","url":"https:\/\/www.boutiqueaulit.ca\/","name":"auLit","description":"La journ\u00e9e vous appartient.","publisher":{"@id":"https:\/\/www.boutiqueaulit.ca\/#organization"},"potentialAction":[{"@type":"SearchAction","target":{"@type":"EntryPoint","urlTemplate":"https:\/\/www.boutiqueaulit.ca\/?s={search_term_string}"},"query-input":"required name=search_term_string"}],"inLanguage":"en-CA"},{"@type":"Organization","@id":"https:\/\/www.boutiqueaulit.ca\/#organization","name":"Boutique auLit","url":"https:\/\/www.boutiqueaulit.ca\/","logo":{"@type":"ImageObject","inLanguage":"en-CA","@id":"https:\/\/www.boutiqueaulit.ca\/#\/schema\/logo\/image\/","url":"https:\/\/www.boutiqueaulit.ca\/wp-content\/uploads\/2019\/03\/AuLit-logo.png","contentUrl":"https:\/\/www.boutiqueaulit.ca\/wp-content\/uploads\/2019\/03\/AuLit-logo.png","width":400,"height":400,"caption":"Boutique auLit"},"image":{"@id":"https:\/\/www.boutiqueaulit.ca\/#\/schema\/logo\/image\/"},"sameAs":["https:\/\/www.facebook.com\/BoutiqueauLit\/","https:\/\/www.youtube.com\/channel\/UCVwMwsNL9lzGhIAUGlH5ZxQ"]}]}},"_links":{"self":[{"href":"https:\/\/www.boutiqueaulit.ca\/en\/wp-json\/wp\/v2\/product\/13498"}],"collection":[{"href":"https:\/\/www.boutiqueaulit.ca\/en\/wp-json\/wp\/v2\/product"}],"about":[{"href":"https:\/\/www.boutiqueaulit.ca\/en\/wp-json\/wp\/v2\/types\/product"}],"wp:featuredmedia":[{"embeddable":true,"href":"https:\/\/www.boutiqueaulit.ca\/en\/wp-json\/wp\/v2\/media\/13501"}],"wp:attachment":[{"href":"https:\/\/www.boutiqueaulit.ca\/en\/wp-json\/wp\/v2\/media?parent=13498"}],"wp:term":[{"taxonomy":"product_cat","embeddable":true,"href":"https:\/\/www.boutiqueaulit.ca\/en\/wp-json\/wp\/v2\/product_cat?post=13498"},{"taxonomy":"product_tag","embeddable":true,"href":"https:\/\/www.boutiqueaulit.ca\/en\/wp-json\/wp\/v2\/product_tag?post=13498"}],"curies":[{"name":"wp","href":"https:\/\/api.w.org\/{rel}","templated":true}]}}