{"id":13495,"date":"2026-02-25T15:11:49","date_gmt":"2026-02-25T20:11:49","guid":{"rendered":"https:\/\/www.boutiqueaulit.ca\/?post_type=product&#038;p=13495"},"modified":"2026-02-25T15:11:49","modified_gmt":"2026-02-25T20:11:49","slug":"oreiller-en-mousse-memoire-cool-dream","status":"publish","type":"product","link":"https:\/\/www.boutiqueaulit.ca\/en\/product\/oreiller-en-mousse-memoire-cool-dream\/","title":{"rendered":"OREILLER EN MOUSSE M\u00c9MOIRE COOL DREAM"},"content":{"rendered":"","protected":false},"excerpt":{"rendered":"<h3><strong>Id\u00e9al pour :<\/strong><\/h3>\n<ul>\n<li>Les personnes souffrant de chaleurs nocturnes ou en pr\u00e9-m\u00e9nopause<\/li>\n<li>Les dormeurs sur le dos recherchant un alignement cervical neutre<\/li>\n<li>Les personnes souffrant de douleurs chroniques (nuque, \u00e9paules, dos)<\/li>\n<li>Ceux qui veulent un oreiller souple mais avec du maintien<\/li>\n<li>Les amateurs de l\u2019effet rebond du latex, sans son odeur<\/li>\n<li>Parfait pour les dormeurs sur le c\u00f4t\u00e9, le dos et le ventre<\/li>\n<\/ul>\n","protected":false},"featured_media":13493,"template":"","meta":{"_monsterinsights_skip_tracking":false,"_monsterinsights_sitenote_active":false,"_monsterinsights_sitenote_note":"","_monsterinsights_sitenote_category":0},"product_cat":[370],"product_tag":[],"acf":[],"yoast_head":"<!-- This site is optimized with the Yoast SEO plugin v21.8 - https:\/\/yoast.com\/wordpress\/plugins\/seo\/ -->\n<title>OREILLER EN MOUSSE M\u00c9MOIRE COOL DREAM - auLit<\/title>\n<meta name=\"description\" content=\"L\u2019oreiller Cool Dream se distingue par sa grande respirabilit\u00e9 : la forte proportion de gel, combin\u00e9e \u00e0 ses multiples perforations, assure une dissipation efficace de la chaleur et procure une sensation de fra\u00eecheur continue, quelle que soit la saison.\" \/>\n<meta name=\"robots\" content=\"index, follow, max-snippet:-1, max-image-preview:large, max-video-preview:-1\" \/>\n<link rel=\"canonical\" href=\"https:\/\/www.boutiqueaulit.ca\/product\/oreiller-en-mousse-memoire-cool-dream\/\" \/>\n<meta property=\"og:locale\" content=\"en_US\" \/>\n<meta property=\"og:type\" content=\"article\" \/>\n<meta property=\"og:title\" content=\"OREILLER EN MOUSSE M\u00c9MOIRE COOL DREAM - auLit\" \/>\n<meta property=\"og:description\" content=\"L\u2019oreiller Cool Dream se distingue par sa grande respirabilit\u00e9 : la forte proportion de gel, combin\u00e9e \u00e0 ses multiples perforations, assure une dissipation efficace de la chaleur et procure une sensation de fra\u00eecheur continue, quelle que soit la saison.\" \/>\n<meta property=\"og:url\" content=\"https:\/\/www.boutiqueaulit.ca\/product\/oreiller-en-mousse-memoire-cool-dream\/\" \/>\n<meta property=\"og:site_name\" content=\"auLit\" \/>\n<meta property=\"article:publisher\" content=\"https:\/\/www.facebook.com\/BoutiqueauLit\/\" \/>\n<meta property=\"og:image\" content=\"https:\/\/www.boutiqueaulit.ca\/wp-content\/uploads\/2026\/02\/COLLECTION-AZZURRI-DOLCE-BIANCA-LIFESTYLE-OREILLER-MOUSSE-MEMOIRE-FAIT-EN-ITALIE-BOITE-PACKAGING-COOL-DREAM-RAFRAICHISSANT.jpg\" \/>\n\t<meta property=\"og:image:width\" content=\"1000\" \/>\n\t<meta property=\"og:image:height\" content=\"667\" \/>\n\t<meta property=\"og:image:type\" content=\"image\/jpeg\" \/>\n<meta name=\"twitter:card\" content=\"summary_large_image\" \/>\n<meta name=\"twitter:label1\" content=\"Est. reading time\" \/>\n\t<meta name=\"twitter:data1\" content=\"1 minute\" \/>\n<script type=\"application\/ld+json\" class=\"yoast-schema-graph\">{\"@context\":\"https:\/\/schema.org\",\"@graph\":[{\"@type\":\"WebPage\",\"@id\":\"https:\/\/www.boutiqueaulit.ca\/product\/oreiller-en-mousse-memoire-cool-dream\/\",\"url\":\"https:\/\/www.boutiqueaulit.ca\/product\/oreiller-en-mousse-memoire-cool-dream\/\",\"name\":\"OREILLER EN MOUSSE M\u00c9MOIRE COOL DREAM - auLit\",\"isPartOf\":{\"@id\":\"https:\/\/www.boutiqueaulit.ca\/#website\"},\"datePublished\":\"2026-02-25T20:11:49+00:00\",\"dateModified\":\"2026-02-25T20:11:49+00:00\",\"description\":\"L\u2019oreiller Cool Dream se distingue par sa grande respirabilit\u00e9 : la forte proportion de gel, combin\u00e9e \u00e0 ses multiples perforations, assure une dissipation efficace de la chaleur et procure une sensation de fra\u00eecheur continue, quelle que soit la saison.\",\"breadcrumb\":{\"@id\":\"https:\/\/www.boutiqueaulit.ca\/product\/oreiller-en-mousse-memoire-cool-dream\/#breadcrumb\"},\"inLanguage\":\"en-CA\",\"potentialAction\":[{\"@type\":\"ReadAction\",\"target\":[\"https:\/\/www.boutiqueaulit.ca\/product\/oreiller-en-mousse-memoire-cool-dream\/\"]}]},{\"@type\":\"BreadcrumbList\",\"@id\":\"https:\/\/www.boutiqueaulit.ca\/product\/oreiller-en-mousse-memoire-cool-dream\/#breadcrumb\",\"itemListElement\":[{\"@type\":\"ListItem\",\"position\":1,\"name\":\"Accueil\",\"item\":\"https:\/\/www.boutiqueaulit.ca\/en\/\"},{\"@type\":\"ListItem\",\"position\":2,\"name\":\"Shop\",\"item\":\"https:\/\/www.boutiqueaulit.ca\/en\/shop\/\"},{\"@type\":\"ListItem\",\"position\":3,\"name\":\"Literie\",\"item\":\"https:\/\/www.boutiqueaulit.ca\/product_cat\/literie\/\"},{\"@type\":\"ListItem\",\"position\":4,\"name\":\"Oreillers\",\"item\":\"https:\/\/www.boutiqueaulit.ca\/product_cat\/literie\/oreillers\/\"},{\"@type\":\"ListItem\",\"position\":5,\"name\":\"OREILLER EN MOUSSE M\u00c9MOIRE COOL DREAM\"}]},{\"@type\":\"WebSite\",\"@id\":\"https:\/\/www.boutiqueaulit.ca\/#website\",\"url\":\"https:\/\/www.boutiqueaulit.ca\/\",\"name\":\"auLit\",\"description\":\"La journ\u00e9e vous appartient.\",\"publisher\":{\"@id\":\"https:\/\/www.boutiqueaulit.ca\/#organization\"},\"potentialAction\":[{\"@type\":\"SearchAction\",\"target\":{\"@type\":\"EntryPoint\",\"urlTemplate\":\"https:\/\/www.boutiqueaulit.ca\/?s={search_term_string}\"},\"query-input\":\"required name=search_term_string\"}],\"inLanguage\":\"en-CA\"},{\"@type\":\"Organization\",\"@id\":\"https:\/\/www.boutiqueaulit.ca\/#organization\",\"name\":\"Boutique auLit\",\"url\":\"https:\/\/www.boutiqueaulit.ca\/\",\"logo\":{\"@type\":\"ImageObject\",\"inLanguage\":\"en-CA\",\"@id\":\"https:\/\/www.boutiqueaulit.ca\/#\/schema\/logo\/image\/\",\"url\":\"https:\/\/www.boutiqueaulit.ca\/wp-content\/uploads\/2019\/03\/AuLit-logo.png\",\"contentUrl\":\"https:\/\/www.boutiqueaulit.ca\/wp-content\/uploads\/2019\/03\/AuLit-logo.png\",\"width\":400,\"height\":400,\"caption\":\"Boutique auLit\"},\"image\":{\"@id\":\"https:\/\/www.boutiqueaulit.ca\/#\/schema\/logo\/image\/\"},\"sameAs\":[\"https:\/\/www.facebook.com\/BoutiqueauLit\/\",\"https:\/\/www.youtube.com\/channel\/UCVwMwsNL9lzGhIAUGlH5ZxQ\"]}]}<\/script>\n<!-- \/ Yoast SEO plugin. -->","yoast_head_json":{"title":"OREILLER EN MOUSSE M\u00c9MOIRE COOL DREAM - auLit","description":"L\u2019oreiller Cool Dream se distingue par sa grande respirabilit\u00e9 : la forte proportion de gel, combin\u00e9e \u00e0 ses multiples perforations, assure une dissipation efficace de la chaleur et procure une sensation de fra\u00eecheur continue, quelle que soit la saison.","robots":{"index":"index","follow":"follow","max-snippet":"max-snippet:-1","max-image-preview":"max-image-preview:large","max-video-preview":"max-video-preview:-1"},"canonical":"https:\/\/www.boutiqueaulit.ca\/product\/oreiller-en-mousse-memoire-cool-dream\/","og_locale":"en_US","og_type":"article","og_title":"OREILLER EN MOUSSE M\u00c9MOIRE COOL DREAM - auLit","og_description":"L\u2019oreiller Cool Dream se distingue par sa grande respirabilit\u00e9 : la forte proportion de gel, combin\u00e9e \u00e0 ses multiples perforations, assure une dissipation efficace de la chaleur et procure une sensation de fra\u00eecheur continue, quelle que soit la saison.","og_url":"https:\/\/www.boutiqueaulit.ca\/product\/oreiller-en-mousse-memoire-cool-dream\/","og_site_name":"auLit","article_publisher":"https:\/\/www.facebook.com\/BoutiqueauLit\/","og_image":[{"width":1000,"height":667,"url":"https:\/\/www.boutiqueaulit.ca\/wp-content\/uploads\/2026\/02\/COLLECTION-AZZURRI-DOLCE-BIANCA-LIFESTYLE-OREILLER-MOUSSE-MEMOIRE-FAIT-EN-ITALIE-BOITE-PACKAGING-COOL-DREAM-RAFRAICHISSANT.jpg","type":"image\/jpeg"}],"twitter_card":"summary_large_image","twitter_misc":{"Est. reading time":"1 minute"},"schema":{"@context":"https:\/\/schema.org","@graph":[{"@type":"WebPage","@id":"https:\/\/www.boutiqueaulit.ca\/product\/oreiller-en-mousse-memoire-cool-dream\/","url":"https:\/\/www.boutiqueaulit.ca\/product\/oreiller-en-mousse-memoire-cool-dream\/","name":"OREILLER EN MOUSSE M\u00c9MOIRE COOL DREAM - auLit","isPartOf":{"@id":"https:\/\/www.boutiqueaulit.ca\/#website"},"datePublished":"2026-02-25T20:11:49+00:00","dateModified":"2026-02-25T20:11:49+00:00","description":"L\u2019oreiller Cool Dream se distingue par sa grande respirabilit\u00e9 : la forte proportion de gel, combin\u00e9e \u00e0 ses multiples perforations, assure une dissipation efficace de la chaleur et procure une sensation de fra\u00eecheur continue, quelle que soit la saison.","breadcrumb":{"@id":"https:\/\/www.boutiqueaulit.ca\/product\/oreiller-en-mousse-memoire-cool-dream\/#breadcrumb"},"inLanguage":"en-CA","potentialAction":[{"@type":"ReadAction","target":["https:\/\/www.boutiqueaulit.ca\/product\/oreiller-en-mousse-memoire-cool-dream\/"]}]},{"@type":"BreadcrumbList","@id":"https:\/\/www.boutiqueaulit.ca\/product\/oreiller-en-mousse-memoire-cool-dream\/#breadcrumb","itemListElement":[{"@type":"ListItem","position":1,"name":"Accueil","item":"https:\/\/www.boutiqueaulit.ca\/en\/"},{"@type":"ListItem","position":2,"name":"Shop","item":"https:\/\/www.boutiqueaulit.ca\/en\/shop\/"},{"@type":"ListItem","position":3,"name":"Literie","item":"https:\/\/www.boutiqueaulit.ca\/product_cat\/literie\/"},{"@type":"ListItem","position":4,"name":"Oreillers","item":"https:\/\/www.boutiqueaulit.ca\/product_cat\/literie\/oreillers\/"},{"@type":"ListItem","position":5,"name":"OREILLER EN MOUSSE M\u00c9MOIRE COOL DREAM"}]},{"@type":"WebSite","@id":"https:\/\/www.boutiqueaulit.ca\/#website","url":"https:\/\/www.boutiqueaulit.ca\/","name":"auLit","description":"La journ\u00e9e vous appartient.","publisher":{"@id":"https:\/\/www.boutiqueaulit.ca\/#organization"},"potentialAction":[{"@type":"SearchAction","target":{"@type":"EntryPoint","urlTemplate":"https:\/\/www.boutiqueaulit.ca\/?s={search_term_string}"},"query-input":"required name=search_term_string"}],"inLanguage":"en-CA"},{"@type":"Organization","@id":"https:\/\/www.boutiqueaulit.ca\/#organization","name":"Boutique auLit","url":"https:\/\/www.boutiqueaulit.ca\/","logo":{"@type":"ImageObject","inLanguage":"en-CA","@id":"https:\/\/www.boutiqueaulit.ca\/#\/schema\/logo\/image\/","url":"https:\/\/www.boutiqueaulit.ca\/wp-content\/uploads\/2019\/03\/AuLit-logo.png","contentUrl":"https:\/\/www.boutiqueaulit.ca\/wp-content\/uploads\/2019\/03\/AuLit-logo.png","width":400,"height":400,"caption":"Boutique auLit"},"image":{"@id":"https:\/\/www.boutiqueaulit.ca\/#\/schema\/logo\/image\/"},"sameAs":["https:\/\/www.facebook.com\/BoutiqueauLit\/","https:\/\/www.youtube.com\/channel\/UCVwMwsNL9lzGhIAUGlH5ZxQ"]}]}},"_links":{"self":[{"href":"https:\/\/www.boutiqueaulit.ca\/en\/wp-json\/wp\/v2\/product\/13495"}],"collection":[{"href":"https:\/\/www.boutiqueaulit.ca\/en\/wp-json\/wp\/v2\/product"}],"about":[{"href":"https:\/\/www.boutiqueaulit.ca\/en\/wp-json\/wp\/v2\/types\/product"}],"wp:featuredmedia":[{"embeddable":true,"href":"https:\/\/www.boutiqueaulit.ca\/en\/wp-json\/wp\/v2\/media\/13493"}],"wp:attachment":[{"href":"https:\/\/www.boutiqueaulit.ca\/en\/wp-json\/wp\/v2\/media?parent=13495"}],"wp:term":[{"taxonomy":"product_cat","embeddable":true,"href":"https:\/\/www.boutiqueaulit.ca\/en\/wp-json\/wp\/v2\/product_cat?post=13495"},{"taxonomy":"product_tag","embeddable":true,"href":"https:\/\/www.boutiqueaulit.ca\/en\/wp-json\/wp\/v2\/product_tag?post=13495"}],"curies":[{"name":"wp","href":"https:\/\/api.w.org\/{rel}","templated":true}]}}