{"id":12890,"date":"2025-09-12T08:51:48","date_gmt":"2025-09-12T12:51:48","guid":{"rendered":"https:\/\/www.boutiqueaulit.ca\/?post_type=product&#038;p=12890"},"modified":"2026-03-13T10:43:15","modified_gmt":"2026-03-13T14:43:15","slug":"base-de-lit-plateforme-reflexx-avec-tete-de-lit-ocean","status":"publish","type":"product","link":"https:\/\/www.boutiqueaulit.ca\/en\/product\/base-de-lit-plateforme-reflexx-avec-tete-de-lit-ocean\/","title":{"rendered":"La base de lit plateforme Reflexx avec t\u00eate de lit Ocean"},"content":{"rendered":"","protected":false},"excerpt":{"rendered":"<div><strong>La base de lit plateforme Reflexx avec t\u00eate de lit Ocean\u00a0 invite \u00e0 la d\u00e9tente et au luxe.<\/strong>\u00a0Disponible pour toutes les configurations de matelas, de Simple \u00e0 King, cette base de lit enrichit chaque chambre avec son allure douillette et raffin\u00e9e, gr\u00e2ce \u00e0 une t\u00eate de lit capitonn\u00e9e orn\u00e9e de boutons \u00e9l\u00e9gants.<\/div>\n<div><\/div>\n<div><strong>\u00c9l\u00e9gance capitonn\u00e9e<\/strong>\u00a0: La t\u00eate de lit Ocean, avec sa finition capitonn\u00e9e et ses boutons soigneusement dispos\u00e9s, apporte une touche de luxe et de confort, id\u00e9ale pour cr\u00e9er une ambiance accueillante.<\/div>\n<div><\/div>\n<div><strong>Confort envo\u00fbtant<\/strong>\u00a0: Chaque d\u00e9tail du lit Ocean a \u00e9t\u00e9 pens\u00e9 avec soin, depuis les boutons pos\u00e9s \u00e0 la main jusqu\u2019\u00e0 la conception globale, assurant une qualit\u00e9 et un confort sans pareils.<\/div>\n","protected":false},"featured_media":12891,"template":"","meta":{"_monsterinsights_skip_tracking":false,"_monsterinsights_sitenote_active":false,"_monsterinsights_sitenote_note":"","_monsterinsights_sitenote_category":0},"product_cat":[388,358,383],"product_tag":[],"acf":[],"yoast_head":"<!-- This site is optimized with the Yoast SEO plugin v21.8 - https:\/\/yoast.com\/wordpress\/plugins\/seo\/ -->\n<title>La base de lit plateforme Reflexx avec t\u00eate de lit Ocean - auLit<\/title>\n<meta name=\"description\" content=\"Base de lit plateforme Reflexx avec t\u00eate de lit OceanLa base de lit plateforme Reflexx avec t\u00eate de lit Ocean invite \u00e0 la d\u00e9tente et au luxe.\" \/>\n<meta name=\"robots\" content=\"index, follow, max-snippet:-1, max-image-preview:large, max-video-preview:-1\" \/>\n<link rel=\"canonical\" href=\"https:\/\/www.boutiqueaulit.ca\/product\/base-de-lit-plateforme-reflexx-avec-tete-de-lit-ocean\/\" \/>\n<meta property=\"og:locale\" content=\"en_US\" \/>\n<meta property=\"og:type\" content=\"article\" \/>\n<meta property=\"og:title\" content=\"La base de lit plateforme Reflexx avec t\u00eate de lit Ocean - auLit\" \/>\n<meta property=\"og:description\" content=\"Base de lit plateforme Reflexx avec t\u00eate de lit OceanLa base de lit plateforme Reflexx avec t\u00eate de lit Ocean invite \u00e0 la d\u00e9tente et au luxe.\" \/>\n<meta property=\"og:url\" content=\"https:\/\/www.boutiqueaulit.ca\/product\/base-de-lit-plateforme-reflexx-avec-tete-de-lit-ocean\/\" \/>\n<meta property=\"og:site_name\" content=\"auLit\" \/>\n<meta property=\"article:publisher\" content=\"https:\/\/www.facebook.com\/BoutiqueauLit\/\" \/>\n<meta property=\"article:modified_time\" content=\"2026-03-13T14:43:15+00:00\" \/>\n<meta property=\"og:image\" content=\"https:\/\/www.boutiqueaulit.ca\/wp-content\/uploads\/2025\/09\/reflexx-ocean-joshua-dune-tiroirs.jpg\" \/>\n\t<meta property=\"og:image:width\" content=\"1528\" \/>\n\t<meta property=\"og:image:height\" content=\"998\" \/>\n\t<meta property=\"og:image:type\" content=\"image\/jpeg\" \/>\n<meta name=\"twitter:card\" content=\"summary_large_image\" \/>\n<meta name=\"twitter:label1\" content=\"Est. reading time\" \/>\n\t<meta name=\"twitter:data1\" content=\"1 minute\" \/>\n<script type=\"application\/ld+json\" class=\"yoast-schema-graph\">{\"@context\":\"https:\/\/schema.org\",\"@graph\":[{\"@type\":\"WebPage\",\"@id\":\"https:\/\/www.boutiqueaulit.ca\/product\/base-de-lit-plateforme-reflexx-avec-tete-de-lit-ocean\/\",\"url\":\"https:\/\/www.boutiqueaulit.ca\/product\/base-de-lit-plateforme-reflexx-avec-tete-de-lit-ocean\/\",\"name\":\"La base de lit plateforme Reflexx avec t\u00eate de lit Ocean - auLit\",\"isPartOf\":{\"@id\":\"https:\/\/www.boutiqueaulit.ca\/#website\"},\"datePublished\":\"2025-09-12T12:51:48+00:00\",\"dateModified\":\"2026-03-13T14:43:15+00:00\",\"description\":\"Base de lit plateforme Reflexx avec t\u00eate de lit OceanLa base de lit plateforme Reflexx avec t\u00eate de lit Ocean invite \u00e0 la d\u00e9tente et au luxe.\",\"breadcrumb\":{\"@id\":\"https:\/\/www.boutiqueaulit.ca\/product\/base-de-lit-plateforme-reflexx-avec-tete-de-lit-ocean\/#breadcrumb\"},\"inLanguage\":\"en-CA\",\"potentialAction\":[{\"@type\":\"ReadAction\",\"target\":[\"https:\/\/www.boutiqueaulit.ca\/product\/base-de-lit-plateforme-reflexx-avec-tete-de-lit-ocean\/\"]}]},{\"@type\":\"BreadcrumbList\",\"@id\":\"https:\/\/www.boutiqueaulit.ca\/product\/base-de-lit-plateforme-reflexx-avec-tete-de-lit-ocean\/#breadcrumb\",\"itemListElement\":[{\"@type\":\"ListItem\",\"position\":1,\"name\":\"Accueil\",\"item\":\"https:\/\/www.boutiqueaulit.ca\/en\/\"},{\"@type\":\"ListItem\",\"position\":2,\"name\":\"Shop\",\"item\":\"https:\/\/www.boutiqueaulit.ca\/en\/shop\/\"},{\"@type\":\"ListItem\",\"position\":3,\"name\":\"Meubles\",\"item\":\"https:\/\/www.boutiqueaulit.ca\/product_cat\/meubles\/\"},{\"@type\":\"ListItem\",\"position\":4,\"name\":\"La base de lit plateforme Reflexx avec t\u00eate de lit Ocean\"}]},{\"@type\":\"WebSite\",\"@id\":\"https:\/\/www.boutiqueaulit.ca\/#website\",\"url\":\"https:\/\/www.boutiqueaulit.ca\/\",\"name\":\"auLit\",\"description\":\"La journ\u00e9e vous appartient.\",\"publisher\":{\"@id\":\"https:\/\/www.boutiqueaulit.ca\/#organization\"},\"potentialAction\":[{\"@type\":\"SearchAction\",\"target\":{\"@type\":\"EntryPoint\",\"urlTemplate\":\"https:\/\/www.boutiqueaulit.ca\/?s={search_term_string}\"},\"query-input\":\"required name=search_term_string\"}],\"inLanguage\":\"en-CA\"},{\"@type\":\"Organization\",\"@id\":\"https:\/\/www.boutiqueaulit.ca\/#organization\",\"name\":\"Boutique auLit\",\"url\":\"https:\/\/www.boutiqueaulit.ca\/\",\"logo\":{\"@type\":\"ImageObject\",\"inLanguage\":\"en-CA\",\"@id\":\"https:\/\/www.boutiqueaulit.ca\/#\/schema\/logo\/image\/\",\"url\":\"https:\/\/www.boutiqueaulit.ca\/wp-content\/uploads\/2019\/03\/AuLit-logo.png\",\"contentUrl\":\"https:\/\/www.boutiqueaulit.ca\/wp-content\/uploads\/2019\/03\/AuLit-logo.png\",\"width\":400,\"height\":400,\"caption\":\"Boutique auLit\"},\"image\":{\"@id\":\"https:\/\/www.boutiqueaulit.ca\/#\/schema\/logo\/image\/\"},\"sameAs\":[\"https:\/\/www.facebook.com\/BoutiqueauLit\/\",\"https:\/\/www.youtube.com\/channel\/UCVwMwsNL9lzGhIAUGlH5ZxQ\"]}]}<\/script>\n<!-- \/ Yoast SEO plugin. -->","yoast_head_json":{"title":"La base de lit plateforme Reflexx avec t\u00eate de lit Ocean - auLit","description":"Base de lit plateforme Reflexx avec t\u00eate de lit OceanLa base de lit plateforme Reflexx avec t\u00eate de lit Ocean invite \u00e0 la d\u00e9tente et au luxe.","robots":{"index":"index","follow":"follow","max-snippet":"max-snippet:-1","max-image-preview":"max-image-preview:large","max-video-preview":"max-video-preview:-1"},"canonical":"https:\/\/www.boutiqueaulit.ca\/product\/base-de-lit-plateforme-reflexx-avec-tete-de-lit-ocean\/","og_locale":"en_US","og_type":"article","og_title":"La base de lit plateforme Reflexx avec t\u00eate de lit Ocean - auLit","og_description":"Base de lit plateforme Reflexx avec t\u00eate de lit OceanLa base de lit plateforme Reflexx avec t\u00eate de lit Ocean invite \u00e0 la d\u00e9tente et au luxe.","og_url":"https:\/\/www.boutiqueaulit.ca\/product\/base-de-lit-plateforme-reflexx-avec-tete-de-lit-ocean\/","og_site_name":"auLit","article_publisher":"https:\/\/www.facebook.com\/BoutiqueauLit\/","article_modified_time":"2026-03-13T14:43:15+00:00","og_image":[{"width":1528,"height":998,"url":"https:\/\/www.boutiqueaulit.ca\/wp-content\/uploads\/2025\/09\/reflexx-ocean-joshua-dune-tiroirs.jpg","type":"image\/jpeg"}],"twitter_card":"summary_large_image","twitter_misc":{"Est. reading time":"1 minute"},"schema":{"@context":"https:\/\/schema.org","@graph":[{"@type":"WebPage","@id":"https:\/\/www.boutiqueaulit.ca\/product\/base-de-lit-plateforme-reflexx-avec-tete-de-lit-ocean\/","url":"https:\/\/www.boutiqueaulit.ca\/product\/base-de-lit-plateforme-reflexx-avec-tete-de-lit-ocean\/","name":"La base de lit plateforme Reflexx avec t\u00eate de lit Ocean - auLit","isPartOf":{"@id":"https:\/\/www.boutiqueaulit.ca\/#website"},"datePublished":"2025-09-12T12:51:48+00:00","dateModified":"2026-03-13T14:43:15+00:00","description":"Base de lit plateforme Reflexx avec t\u00eate de lit OceanLa base de lit plateforme Reflexx avec t\u00eate de lit Ocean invite \u00e0 la d\u00e9tente et au luxe.","breadcrumb":{"@id":"https:\/\/www.boutiqueaulit.ca\/product\/base-de-lit-plateforme-reflexx-avec-tete-de-lit-ocean\/#breadcrumb"},"inLanguage":"en-CA","potentialAction":[{"@type":"ReadAction","target":["https:\/\/www.boutiqueaulit.ca\/product\/base-de-lit-plateforme-reflexx-avec-tete-de-lit-ocean\/"]}]},{"@type":"BreadcrumbList","@id":"https:\/\/www.boutiqueaulit.ca\/product\/base-de-lit-plateforme-reflexx-avec-tete-de-lit-ocean\/#breadcrumb","itemListElement":[{"@type":"ListItem","position":1,"name":"Accueil","item":"https:\/\/www.boutiqueaulit.ca\/en\/"},{"@type":"ListItem","position":2,"name":"Shop","item":"https:\/\/www.boutiqueaulit.ca\/en\/shop\/"},{"@type":"ListItem","position":3,"name":"Meubles","item":"https:\/\/www.boutiqueaulit.ca\/product_cat\/meubles\/"},{"@type":"ListItem","position":4,"name":"La base de lit plateforme Reflexx avec t\u00eate de lit Ocean"}]},{"@type":"WebSite","@id":"https:\/\/www.boutiqueaulit.ca\/#website","url":"https:\/\/www.boutiqueaulit.ca\/","name":"auLit","description":"La journ\u00e9e vous appartient.","publisher":{"@id":"https:\/\/www.boutiqueaulit.ca\/#organization"},"potentialAction":[{"@type":"SearchAction","target":{"@type":"EntryPoint","urlTemplate":"https:\/\/www.boutiqueaulit.ca\/?s={search_term_string}"},"query-input":"required name=search_term_string"}],"inLanguage":"en-CA"},{"@type":"Organization","@id":"https:\/\/www.boutiqueaulit.ca\/#organization","name":"Boutique auLit","url":"https:\/\/www.boutiqueaulit.ca\/","logo":{"@type":"ImageObject","inLanguage":"en-CA","@id":"https:\/\/www.boutiqueaulit.ca\/#\/schema\/logo\/image\/","url":"https:\/\/www.boutiqueaulit.ca\/wp-content\/uploads\/2019\/03\/AuLit-logo.png","contentUrl":"https:\/\/www.boutiqueaulit.ca\/wp-content\/uploads\/2019\/03\/AuLit-logo.png","width":400,"height":400,"caption":"Boutique auLit"},"image":{"@id":"https:\/\/www.boutiqueaulit.ca\/#\/schema\/logo\/image\/"},"sameAs":["https:\/\/www.facebook.com\/BoutiqueauLit\/","https:\/\/www.youtube.com\/channel\/UCVwMwsNL9lzGhIAUGlH5ZxQ"]}]}},"_links":{"self":[{"href":"https:\/\/www.boutiqueaulit.ca\/en\/wp-json\/wp\/v2\/product\/12890"}],"collection":[{"href":"https:\/\/www.boutiqueaulit.ca\/en\/wp-json\/wp\/v2\/product"}],"about":[{"href":"https:\/\/www.boutiqueaulit.ca\/en\/wp-json\/wp\/v2\/types\/product"}],"wp:featuredmedia":[{"embeddable":true,"href":"https:\/\/www.boutiqueaulit.ca\/en\/wp-json\/wp\/v2\/media\/12891"}],"wp:attachment":[{"href":"https:\/\/www.boutiqueaulit.ca\/en\/wp-json\/wp\/v2\/media?parent=12890"}],"wp:term":[{"taxonomy":"product_cat","embeddable":true,"href":"https:\/\/www.boutiqueaulit.ca\/en\/wp-json\/wp\/v2\/product_cat?post=12890"},{"taxonomy":"product_tag","embeddable":true,"href":"https:\/\/www.boutiqueaulit.ca\/en\/wp-json\/wp\/v2\/product_tag?post=12890"}],"curies":[{"name":"wp","href":"https:\/\/api.w.org\/{rel}","templated":true}]}}