{"id":12824,"date":"2025-09-08T11:22:56","date_gmt":"2025-09-08T15:22:56","guid":{"rendered":"https:\/\/www.boutiqueaulit.ca\/?post_type=product&#038;p=12824"},"modified":"2026-02-03T08:25:59","modified_gmt":"2026-02-03T13:25:59","slug":"lit-ajustable-rio-5-0","status":"publish","type":"product","link":"https:\/\/www.boutiqueaulit.ca\/en\/product\/lit-ajustable-rio-5-0\/","title":{"rendered":"Lit ajustable RIO 5.0"},"content":{"rendered":"","protected":false},"excerpt":{"rendered":"<p>Notre offre premium RIO\u2122 allie un design \u00e9l\u00e9gant \u00e0 des fonctionnalit\u00e9s innovantes comme le soutien lombaire, l&#8217;inclinaison automatique de la t\u00eate, le mode relaxation et les ports USB. Notre RIO 5.0 est \u00e9galement \u00e9quip\u00e9 d&#8217;options One-Touch pour les modes Zero-G ou Anti-Ronflement, ou enregistrez vos propres positions gr\u00e2ce aux pr\u00e9r\u00e9glages programmables via la t\u00e9l\u00e9commande sans fil incluse ou l&#8217;application ErgoSync. Facile \u00e0 installer et compatible avec un matelas pliable*, pr\u00e9parez-vous \u00e0 un sommeil exceptionnel avec le RIO 5.0.<\/p>\n<p>Transformez vos nuits en v\u00e9ritables moments de bien-\u00eatre avec le lit r\u00e9glable RIO. Bien plus qu\u2019un simple symbole de luxe, il vous offre une exp\u00e9rience de sommeil personnalis\u00e9e et des b\u00e9n\u00e9fices sant\u00e9 qui font toute la diff\u00e9rence. Adoptez le confort intelligent et d\u00e9couvrez comment RIO peut r\u00e9volutionner votre routine nocturne.<\/p>\n<p>*Les bases ajustables ne sont pas adapt\u00e9es pour tous les matelas, le client doit s\u2019assurer que sont matelas est adapt\u00e9, pour celle-ci.<br \/>\nMatelas ressort doit \u00eatre pliable.<\/p>\n","protected":false},"featured_media":12825,"template":"","meta":{"_monsterinsights_skip_tracking":false,"_monsterinsights_sitenote_active":false,"_monsterinsights_sitenote_note":"","_monsterinsights_sitenote_category":0},"product_cat":[359,379,358],"product_tag":[],"acf":[],"yoast_head":"<!-- This site is optimized with the Yoast SEO plugin v21.8 - https:\/\/yoast.com\/wordpress\/plugins\/seo\/ -->\n<title>Lit ajustable RIO 5.0 - auLit<\/title>\n<meta name=\"description\" content=\"RIO 5.0 offre la flexibilit\u00e9 de sur\u00e9lever la t\u00eate et\/ou les pieds de votre sommier r\u00e9glable pour soulager les douleurs articulaires, r\u00e9duire les ronflement .\" \/>\n<meta name=\"robots\" content=\"index, follow, max-snippet:-1, max-image-preview:large, max-video-preview:-1\" \/>\n<link rel=\"canonical\" href=\"https:\/\/www.boutiqueaulit.ca\/product\/lit-ajustable-rio-5-0\/\" \/>\n<meta property=\"og:locale\" content=\"en_US\" \/>\n<meta property=\"og:type\" content=\"article\" \/>\n<meta property=\"og:title\" content=\"Lit ajustable RIO 5.0 - auLit\" \/>\n<meta property=\"og:description\" content=\"RIO 5.0 offre la flexibilit\u00e9 de sur\u00e9lever la t\u00eate et\/ou les pieds de votre sommier r\u00e9glable pour soulager les douleurs articulaires, r\u00e9duire les ronflement .\" \/>\n<meta property=\"og:url\" content=\"https:\/\/www.boutiqueaulit.ca\/product\/lit-ajustable-rio-5-0\/\" \/>\n<meta property=\"og:site_name\" content=\"auLit\" \/>\n<meta property=\"article:publisher\" content=\"https:\/\/www.facebook.com\/BoutiqueauLit\/\" \/>\n<meta property=\"article:modified_time\" content=\"2026-02-03T13:25:59+00:00\" \/>\n<meta property=\"og:image\" content=\"https:\/\/www.boutiqueaulit.ca\/wp-content\/uploads\/2025\/09\/rio5-1.jpg\" \/>\n\t<meta property=\"og:image:width\" content=\"900\" \/>\n\t<meta property=\"og:image:height\" content=\"505\" \/>\n\t<meta property=\"og:image:type\" content=\"image\/jpeg\" \/>\n<meta name=\"twitter:card\" content=\"summary_large_image\" \/>\n<meta name=\"twitter:label1\" content=\"Est. reading time\" \/>\n\t<meta name=\"twitter:data1\" content=\"1 minute\" \/>\n<script type=\"application\/ld+json\" class=\"yoast-schema-graph\">{\"@context\":\"https:\/\/schema.org\",\"@graph\":[{\"@type\":\"WebPage\",\"@id\":\"https:\/\/www.boutiqueaulit.ca\/product\/lit-ajustable-rio-5-0\/\",\"url\":\"https:\/\/www.boutiqueaulit.ca\/product\/lit-ajustable-rio-5-0\/\",\"name\":\"Lit ajustable RIO 5.0 - auLit\",\"isPartOf\":{\"@id\":\"https:\/\/www.boutiqueaulit.ca\/#website\"},\"datePublished\":\"2025-09-08T15:22:56+00:00\",\"dateModified\":\"2026-02-03T13:25:59+00:00\",\"description\":\"RIO 5.0 offre la flexibilit\u00e9 de sur\u00e9lever la t\u00eate et\/ou les pieds de votre sommier r\u00e9glable pour soulager les douleurs articulaires, r\u00e9duire les ronflement .\",\"breadcrumb\":{\"@id\":\"https:\/\/www.boutiqueaulit.ca\/product\/lit-ajustable-rio-5-0\/#breadcrumb\"},\"inLanguage\":\"en-CA\",\"potentialAction\":[{\"@type\":\"ReadAction\",\"target\":[\"https:\/\/www.boutiqueaulit.ca\/product\/lit-ajustable-rio-5-0\/\"]}]},{\"@type\":\"BreadcrumbList\",\"@id\":\"https:\/\/www.boutiqueaulit.ca\/product\/lit-ajustable-rio-5-0\/#breadcrumb\",\"itemListElement\":[{\"@type\":\"ListItem\",\"position\":1,\"name\":\"Accueil\",\"item\":\"https:\/\/www.boutiqueaulit.ca\/en\/\"},{\"@type\":\"ListItem\",\"position\":2,\"name\":\"Shop\",\"item\":\"https:\/\/www.boutiqueaulit.ca\/en\/shop\/\"},{\"@type\":\"ListItem\",\"position\":3,\"name\":\"Lits \u00e9lectrique\",\"item\":\"https:\/\/www.boutiqueaulit.ca\/product_cat\/lits-electrique\/\"},{\"@type\":\"ListItem\",\"position\":4,\"name\":\"Lit ajustable RIO 5.0\"}]},{\"@type\":\"WebSite\",\"@id\":\"https:\/\/www.boutiqueaulit.ca\/#website\",\"url\":\"https:\/\/www.boutiqueaulit.ca\/\",\"name\":\"auLit\",\"description\":\"La journ\u00e9e vous appartient.\",\"publisher\":{\"@id\":\"https:\/\/www.boutiqueaulit.ca\/#organization\"},\"potentialAction\":[{\"@type\":\"SearchAction\",\"target\":{\"@type\":\"EntryPoint\",\"urlTemplate\":\"https:\/\/www.boutiqueaulit.ca\/?s={search_term_string}\"},\"query-input\":\"required name=search_term_string\"}],\"inLanguage\":\"en-CA\"},{\"@type\":\"Organization\",\"@id\":\"https:\/\/www.boutiqueaulit.ca\/#organization\",\"name\":\"Boutique auLit\",\"url\":\"https:\/\/www.boutiqueaulit.ca\/\",\"logo\":{\"@type\":\"ImageObject\",\"inLanguage\":\"en-CA\",\"@id\":\"https:\/\/www.boutiqueaulit.ca\/#\/schema\/logo\/image\/\",\"url\":\"https:\/\/www.boutiqueaulit.ca\/wp-content\/uploads\/2019\/03\/AuLit-logo.png\",\"contentUrl\":\"https:\/\/www.boutiqueaulit.ca\/wp-content\/uploads\/2019\/03\/AuLit-logo.png\",\"width\":400,\"height\":400,\"caption\":\"Boutique auLit\"},\"image\":{\"@id\":\"https:\/\/www.boutiqueaulit.ca\/#\/schema\/logo\/image\/\"},\"sameAs\":[\"https:\/\/www.facebook.com\/BoutiqueauLit\/\",\"https:\/\/www.youtube.com\/channel\/UCVwMwsNL9lzGhIAUGlH5ZxQ\"]}]}<\/script>\n<!-- \/ Yoast SEO plugin. -->","yoast_head_json":{"title":"Lit ajustable RIO 5.0 - auLit","description":"RIO 5.0 offre la flexibilit\u00e9 de sur\u00e9lever la t\u00eate et\/ou les pieds de votre sommier r\u00e9glable pour soulager les douleurs articulaires, r\u00e9duire les ronflement .","robots":{"index":"index","follow":"follow","max-snippet":"max-snippet:-1","max-image-preview":"max-image-preview:large","max-video-preview":"max-video-preview:-1"},"canonical":"https:\/\/www.boutiqueaulit.ca\/product\/lit-ajustable-rio-5-0\/","og_locale":"en_US","og_type":"article","og_title":"Lit ajustable RIO 5.0 - auLit","og_description":"RIO 5.0 offre la flexibilit\u00e9 de sur\u00e9lever la t\u00eate et\/ou les pieds de votre sommier r\u00e9glable pour soulager les douleurs articulaires, r\u00e9duire les ronflement .","og_url":"https:\/\/www.boutiqueaulit.ca\/product\/lit-ajustable-rio-5-0\/","og_site_name":"auLit","article_publisher":"https:\/\/www.facebook.com\/BoutiqueauLit\/","article_modified_time":"2026-02-03T13:25:59+00:00","og_image":[{"width":900,"height":505,"url":"https:\/\/www.boutiqueaulit.ca\/wp-content\/uploads\/2025\/09\/rio5-1.jpg","type":"image\/jpeg"}],"twitter_card":"summary_large_image","twitter_misc":{"Est. reading time":"1 minute"},"schema":{"@context":"https:\/\/schema.org","@graph":[{"@type":"WebPage","@id":"https:\/\/www.boutiqueaulit.ca\/product\/lit-ajustable-rio-5-0\/","url":"https:\/\/www.boutiqueaulit.ca\/product\/lit-ajustable-rio-5-0\/","name":"Lit ajustable RIO 5.0 - auLit","isPartOf":{"@id":"https:\/\/www.boutiqueaulit.ca\/#website"},"datePublished":"2025-09-08T15:22:56+00:00","dateModified":"2026-02-03T13:25:59+00:00","description":"RIO 5.0 offre la flexibilit\u00e9 de sur\u00e9lever la t\u00eate et\/ou les pieds de votre sommier r\u00e9glable pour soulager les douleurs articulaires, r\u00e9duire les ronflement .","breadcrumb":{"@id":"https:\/\/www.boutiqueaulit.ca\/product\/lit-ajustable-rio-5-0\/#breadcrumb"},"inLanguage":"en-CA","potentialAction":[{"@type":"ReadAction","target":["https:\/\/www.boutiqueaulit.ca\/product\/lit-ajustable-rio-5-0\/"]}]},{"@type":"BreadcrumbList","@id":"https:\/\/www.boutiqueaulit.ca\/product\/lit-ajustable-rio-5-0\/#breadcrumb","itemListElement":[{"@type":"ListItem","position":1,"name":"Accueil","item":"https:\/\/www.boutiqueaulit.ca\/en\/"},{"@type":"ListItem","position":2,"name":"Shop","item":"https:\/\/www.boutiqueaulit.ca\/en\/shop\/"},{"@type":"ListItem","position":3,"name":"Lits \u00e9lectrique","item":"https:\/\/www.boutiqueaulit.ca\/product_cat\/lits-electrique\/"},{"@type":"ListItem","position":4,"name":"Lit ajustable RIO 5.0"}]},{"@type":"WebSite","@id":"https:\/\/www.boutiqueaulit.ca\/#website","url":"https:\/\/www.boutiqueaulit.ca\/","name":"auLit","description":"La journ\u00e9e vous appartient.","publisher":{"@id":"https:\/\/www.boutiqueaulit.ca\/#organization"},"potentialAction":[{"@type":"SearchAction","target":{"@type":"EntryPoint","urlTemplate":"https:\/\/www.boutiqueaulit.ca\/?s={search_term_string}"},"query-input":"required name=search_term_string"}],"inLanguage":"en-CA"},{"@type":"Organization","@id":"https:\/\/www.boutiqueaulit.ca\/#organization","name":"Boutique auLit","url":"https:\/\/www.boutiqueaulit.ca\/","logo":{"@type":"ImageObject","inLanguage":"en-CA","@id":"https:\/\/www.boutiqueaulit.ca\/#\/schema\/logo\/image\/","url":"https:\/\/www.boutiqueaulit.ca\/wp-content\/uploads\/2019\/03\/AuLit-logo.png","contentUrl":"https:\/\/www.boutiqueaulit.ca\/wp-content\/uploads\/2019\/03\/AuLit-logo.png","width":400,"height":400,"caption":"Boutique auLit"},"image":{"@id":"https:\/\/www.boutiqueaulit.ca\/#\/schema\/logo\/image\/"},"sameAs":["https:\/\/www.facebook.com\/BoutiqueauLit\/","https:\/\/www.youtube.com\/channel\/UCVwMwsNL9lzGhIAUGlH5ZxQ"]}]}},"_links":{"self":[{"href":"https:\/\/www.boutiqueaulit.ca\/en\/wp-json\/wp\/v2\/product\/12824"}],"collection":[{"href":"https:\/\/www.boutiqueaulit.ca\/en\/wp-json\/wp\/v2\/product"}],"about":[{"href":"https:\/\/www.boutiqueaulit.ca\/en\/wp-json\/wp\/v2\/types\/product"}],"wp:featuredmedia":[{"embeddable":true,"href":"https:\/\/www.boutiqueaulit.ca\/en\/wp-json\/wp\/v2\/media\/12825"}],"wp:attachment":[{"href":"https:\/\/www.boutiqueaulit.ca\/en\/wp-json\/wp\/v2\/media?parent=12824"}],"wp:term":[{"taxonomy":"product_cat","embeddable":true,"href":"https:\/\/www.boutiqueaulit.ca\/en\/wp-json\/wp\/v2\/product_cat?post=12824"},{"taxonomy":"product_tag","embeddable":true,"href":"https:\/\/www.boutiqueaulit.ca\/en\/wp-json\/wp\/v2\/product_tag?post=12824"}],"curies":[{"name":"wp","href":"https:\/\/api.w.org\/{rel}","templated":true}]}}